{"id":832,"date":"2021-11-23T07:17:11","date_gmt":"2021-11-23T07:17:11","guid":{"rendered":"https:\/\/bangkokbybike.com\/contact\/"},"modified":"2021-12-21T04:58:34","modified_gmt":"2021-12-21T04:58:34","slug":"kontakt","status":"publish","type":"page","link":"https:\/\/bangkokbybike.com\/sv\/kontakt\/","title":{"rendered":"Kontakt"},"content":{"rendered":"<p>[et_pb_section fb_built=&#8221;1&#8243; custom_padding_last_edited=&#8221;on|phone&#8221; _builder_version=&#8221;4.14.1&#8243; _module_preset=&#8221;default&#8221; custom_padding=&#8221;60px||60px||true|false&#8221; custom_padding_tablet=&#8221;40px||40px||false|false&#8221; custom_padding_phone=&#8221;||30px||false|false&#8221; global_colors_info=&#8221;{}&#8221;][et_pb_row column_structure=&#8221;3_5,2_5&#8243; use_custom_gutter=&#8221;on&#8221; gutter_width=&#8221;2&#8243; _builder_version=&#8221;4.14.2&#8243; _module_preset=&#8221;default&#8221; max_width=&#8221;1200px&#8221; custom_margin=&#8221;0px||0px||false|false&#8221; custom_padding=&#8221;0px||0px||false|false&#8221; global_colors_info=&#8221;{}&#8221;][et_pb_column type=&#8221;3_5&#8243; _builder_version=&#8221;4.14.0&#8243; _module_preset=&#8221;default&#8221; global_colors_info=&#8221;{}&#8221;][et_pb_text _builder_version=&#8221;4.14.4&#8243; _module_preset=&#8221;default&#8221; header_2_font_size=&#8221;28px&#8221; custom_padding=&#8221;||40px||false|false&#8221; custom_padding_tablet=&#8221;||20px||false|false&#8221; custom_padding_phone=&#8221;||20px||false|false&#8221; custom_padding_last_edited=&#8221;on|tablet&#8221; hover_enabled=&#8221;0&#8243; global_colors_info=&#8221;{}&#8221; sticky_enabled=&#8221;0&#8243;]<\/p>\n<h1>Kontakta oss<\/h1>\n<p>Vid fr\u00e5gor kontakt oss via formul\u00e4r eller skicka ett email .<\/p>\n<p>V\u00e5rt kontor finns p\u00e5 den v\u00e4stra sidan av floden, alldeles i n\u00e4rheten av brof\u00e4stet vid Phra Pin Klao-bridge. Motsatta sidan av Banglamphoo omr\u00e5det.<\/p>\n<p><strong>Adress:<\/strong> 161\/1 Soi 17, Somdetprapinklao Rd, Arun Amarin, Bangkok Noi, 107 00 Bangkok<\/p>\n<p><strong>Telefon:<\/strong> +66(0)2435-9058 (ring hellre mobilnr nedan)<\/p>\n<p><strong>Mobil:<\/strong> +66(0)89-520 8947<\/p>\n<p><strong>Mail:<\/strong> <span style=\"text-decoration: underline;\"><a href=\"mailto:info@bangkokbybike.com\">info@bangkokbybike.com<\/a><\/span><\/p>\n<p><strong>Website:<\/strong> https:\/\/bangkokbybike.com<\/p>\n<p><strong>TAT-licence:<\/strong> No:14\/00201<\/p>\n<p>[\/et_pb_text][\/et_pb_column][et_pb_column type=&#8221;2_5&#8243; _builder_version=&#8221;4.14.0&#8243; _module_preset=&#8221;default&#8221; global_colors_info=&#8221;{}&#8221;][et_pb_text _builder_version=&#8221;4.14.4&#8243; _module_preset=&#8221;default&#8221; global_colors_info=&#8221;{}&#8221;]<\/p>\n<div class=\"wpforms-container wpforms-container-full\" id=\"wpforms-1742\"><form id=\"wpforms-form-1742\" class=\"wpforms-validate wpforms-form wpforms-ajax-form\" data-formid=\"1742\" method=\"post\" enctype=\"multipart\/form-data\" action=\"\/sv\/wp-json\/wp\/v2\/pages\/832\" data-token=\"3a7bb5bc1eb07653e6ca65e730d0e47b\" data-token-time=\"1775418814\"><noscript class=\"wpforms-error-noscript\">Aktivera JavaScript i din webbl\u00e4sare f\u00f6r att fylla i formul\u00e4ret.<\/noscript><div class=\"wpforms-field-container\"><div id=\"wpforms-1742-field_3-container\" class=\"wpforms-field wpforms-field-text\" data-field-id=\"3\"><label class=\"wpforms-field-label\" for=\"wpforms-1742-field_3\">Ditt namn <span class=\"wpforms-required-label\">*<\/span><\/label><input type=\"text\" id=\"wpforms-1742-field_3\" class=\"wpforms-field-large wpforms-field-required\" name=\"wpforms[fields][3]\" required><\/div><div id=\"wpforms-1742-field_1-container\" class=\"wpforms-field wpforms-field-email\" data-field-id=\"1\"><label class=\"wpforms-field-label\" for=\"wpforms-1742-field_1\">Din email <span class=\"wpforms-required-label\">*<\/span><\/label><input type=\"email\" id=\"wpforms-1742-field_1\" class=\"wpforms-field-large wpforms-field-required\" name=\"wpforms[fields][1]\" spellcheck=\"false\" required><\/div><div id=\"wpforms-1742-field_4-container\" class=\"wpforms-field wpforms-field-text\" data-field-id=\"4\"><label class=\"wpforms-field-label\" for=\"wpforms-1742-field_4\">\u00c4rende<\/label><input type=\"text\" id=\"wpforms-1742-field_4\" class=\"wpforms-field-large\" name=\"wpforms[fields][4]\" ><\/div><div id=\"wpforms-1742-field_2-container\" class=\"wpforms-field wpforms-field-textarea\" data-field-id=\"2\"><label class=\"wpforms-field-label\" for=\"wpforms-1742-field_2\">Ditt meddelande<\/label><textarea id=\"wpforms-1742-field_2\" class=\"wpforms-field-medium\" name=\"wpforms[fields][2]\" ><\/textarea><\/div><\/div><!-- .wpforms-field-container --><div class=\"wpforms-submit-container\" ><input type=\"hidden\" name=\"wpforms[id]\" value=\"1742\"><input type=\"hidden\" name=\"page_title\" value=\"\"><input type=\"hidden\" name=\"page_url\" value=\"https:\/\/bangkokbybike.com\/sv\/wp-json\/wp\/v2\/pages\/832\"><input type=\"hidden\" name=\"url_referer\" value=\"\"><button type=\"submit\" name=\"wpforms[submit]\" id=\"wpforms-submit-1742\" class=\"wpforms-submit\" data-alt-text=\"Skickar...\" data-submit-text=\"Skicka\" aria-live=\"assertive\" value=\"wpforms-submit\">Skicka<\/button><img loading=\"lazy\" decoding=\"async\" src=\"https:\/\/bangkokbybike.com\/wp-content\/plugins\/wpforms-lite\/assets\/images\/submit-spin.svg\" class=\"wpforms-submit-spinner\" style=\"display: none;\" width=\"26\" height=\"26\" alt=\"Laddar\"><\/div><\/form><\/div>  <!-- .wpforms-container -->\n<p>[\/et_pb_text][\/et_pb_column][\/et_pb_row][\/et_pb_section][et_pb_section fb_built=&#8221;1&#8243; custom_padding_last_edited=&#8221;on|phone&#8221; module_id=&#8221;map&#8221; _builder_version=&#8221;4.14.2&#8243; _module_preset=&#8221;default&#8221; custom_padding=&#8221;60px||60px||true|false&#8221; custom_padding_tablet=&#8221;40px||40px||false|false&#8221; custom_padding_phone=&#8221;||30px||false|false&#8221; border_width_top=&#8221;2px&#8221; border_color_top=&#8221;#FDC966&#8243; global_colors_info=&#8221;{}&#8221;][et_pb_row use_custom_gutter=&#8221;on&#8221; gutter_width=&#8221;2&#8243; _builder_version=&#8221;4.14.2&#8243; _module_preset=&#8221;default&#8221; max_width=&#8221;1200px&#8221; custom_margin=&#8221;0px||0px||false|false&#8221; custom_padding=&#8221;0px||0px||false|false&#8221; global_colors_info=&#8221;{}&#8221;][et_pb_column type=&#8221;4_4&#8243; _builder_version=&#8221;4.14.0&#8243; _module_preset=&#8221;default&#8221; global_colors_info=&#8221;{}&#8221;][et_pb_text _builder_version=&#8221;4.14.2&#8243; _module_preset=&#8221;default&#8221; header_2_font_size=&#8221;28px&#8221; custom_padding=&#8221;||3px||false|false&#8221; global_colors_info=&#8221;{}&#8221;]<\/p>\n<h1>Karta<\/h1>\n<p>[\/et_pb_text][\/et_pb_column][\/et_pb_row][et_pb_row column_structure=&#8221;1_2,1_2&#8243; use_custom_gutter=&#8221;on&#8221; gutter_width=&#8221;2&#8243; _builder_version=&#8221;4.14.2&#8243; _module_preset=&#8221;default&#8221; max_width=&#8221;1200px&#8221; custom_margin=&#8221;0px||0px||false|false&#8221; custom_padding=&#8221;0px||0px||false|false&#8221; global_colors_info=&#8221;{}&#8221;][et_pb_column type=&#8221;1_2&#8243; _builder_version=&#8221;4.14.0&#8243; _module_preset=&#8221;default&#8221; global_colors_info=&#8221;{}&#8221;][et_pb_text _builder_version=&#8221;4.14.2&#8243; _module_preset=&#8221;default&#8221; header_2_font_size=&#8221;28px&#8221; custom_padding=&#8221;||40px||false|false&#8221; custom_padding_tablet=&#8221;||0px||false|false&#8221; custom_padding_phone=&#8221;||0px||false|false&#8221; custom_padding_last_edited=&#8221;on|phone&#8221; global_colors_info=&#8221;{}&#8221;]<\/p>\n<p>Det finns flera alternativ att ta sig till v\u00e5rt kontor.<\/p>\n<p><strong>Taxi<\/strong> \u00e4r inte dyrt och fungerar bra. Enklast f\u00f6r turisten \u00e4r att anv\u00e4nda Grab Taxi. Tar du taxi fr\u00e5n gatan: Se till att taxametern sl\u00e5s p\u00e5, det blir garanterat dyrare om du g\u00e5r med p\u00e5 fast pris! S\u00e4g att ni ska till Pata, som \u00e4r ett stort varuhus och ligger mitt emot soi 17. Kontoret \u00e4r tydligt skyltat och syns fr\u00e5n stora gatan. Kika p\u00e5 kartan nedan. Se till att f\u00f6raren s\u00e4tter ig\u00e5ng taxametern. Det blir garanterat dyrare om du g\u00e5r med p\u00e5 fast pris!<\/p>\n<p><strong>Undvik att \u00e5ka tuk-tuk<\/strong> \u2013 D\u00e4rmed minskar risken att hamna i all sorts bekymmer.<\/p>\n<p>[\/et_pb_text][\/et_pb_column][et_pb_column type=&#8221;1_2&#8243; _builder_version=&#8221;4.14.0&#8243; _module_preset=&#8221;default&#8221; global_colors_info=&#8221;{}&#8221;][et_pb_text _builder_version=&#8221;4.14.2&#8243; _module_preset=&#8221;default&#8221; header_2_font_size=&#8221;28px&#8221; custom_padding=&#8221;||40px||false|false&#8221; global_colors_info=&#8221;{}&#8221;]<strong>H\u00e4mtning\/L\u00e4mning:<\/strong> Vi erbjuder h\u00e4mtning vid hotellet, vilket \u00e4r absolut enklast. Men en best\u00e4lld taxi kostar mer.<\/p>\n<p><strong>Tunnelbana (MRT):<\/strong> Bl\u00e5 linje till station BL05 Bang Yi Khan. . En dryg km promenad d\u00e4rifr\u00e5n, ca 10-15 minuter.<\/p>\n<p><strong>B\u00e5t:<\/strong> F\u00e4rja (Chao Phraya Expressboat) p\u00e5 floden kan vara ett alternativ om du bor l\u00e4ngs floden. I s\u00e5 fall g\u00e4ller gul eller orange linje. G\u00e5 av vid kaj nr 12, som kallas Phra Pin Klao. <strong>Fr\u00e5n pir 12<\/strong>, \u00e4r det ca 1 km promenad (10-15 min). Kika p\u00e5 kartan nedan.[\/et_pb_text][\/et_pb_column][\/et_pb_row][et_pb_row _builder_version=&#8221;4.14.2&#8243; _module_preset=&#8221;default&#8221; width=&#8221;100%&#8221; max_width=&#8221;100%&#8221; custom_margin=&#8221;0px||0px||false|false&#8221; custom_padding=&#8221;0px||0px||false|false&#8221; global_colors_info=&#8221;{}&#8221;][et_pb_column type=&#8221;4_4&#8243; _builder_version=&#8221;4.14.0&#8243; _module_preset=&#8221;default&#8221; global_colors_info=&#8221;{}&#8221;][et_pb_code _builder_version=&#8221;4.14.2&#8243; _module_preset=&#8221;default&#8221; global_colors_info=&#8221;{}&#8221;]<iframe loading=\"lazy\" style=\"border: 0;\" src=\"https:\/\/www.google.com\/maps\/embed?pb=!1m18!1m12!1m3!1d3875.1504371335277!2d100.48186841533928!3d13.769799990335834!2m3!1f0!2f0!3f0!3m2!1i1024!2i768!4f13.1!3m3!1m2!1s0x30e29975d5a1a647%3A0xd903ed7c5c35794f!2sBangkok%20By%20Bike!5e0!3m2!1ssv!2sth!4v1638344662077!5m2!1ssv!2sth\" width=\"100%\" height=\"600\" allowfullscreen=\"allowfullscreen\"><\/iframe>[\/et_pb_code][\/et_pb_column][\/et_pb_row][\/et_pb_section]<\/p>\n","protected":false},"excerpt":{"rendered":"<p>Guidade cykelturer i Bangkok. Upplev och l\u00e4r dig mer om s\u00e4ttet att leva och kulturen i Thailand. F\u00e5 n\u00e5gra fina minnen f\u00f6r m\u00e5nga \u00e5r fram\u00e5t.<\/p>\n","protected":false},"author":1,"featured_media":1533,"parent":0,"menu_order":0,"comment_status":"closed","ping_status":"closed","template":"","meta":{"_et_pb_use_builder":"on","_et_pb_old_content":"","_et_gb_content_width":"","footnotes":""},"class_list":["post-832","page","type-page","status-publish","has-post-thumbnail","hentry"],"yoast_head":"<!-- This site is optimized with the Yoast SEO plugin v27.3 - https:\/\/yoast.com\/product\/yoast-seo-wordpress\/ -->\n<title>Kontakt - Bangkok By Bike<\/title>\n<meta name=\"description\" content=\"Guidade cykelturer i Bangkok. Upplev och l\u00e4r dig mer om s\u00e4ttet att leva och kulturen i Thailand. F\u00e5 n\u00e5gra fina minnen f\u00f6r m\u00e5nga \u00e5r fram\u00e5t.\" \/>\n<meta name=\"robots\" content=\"index, follow, max-snippet:-1, max-image-preview:large, max-video-preview:-1\" \/>\n<link rel=\"canonical\" href=\"https:\/\/bangkokbybike.com\/sv\/kontakt\/\" \/>\n<meta property=\"og:locale\" content=\"sv_SE\" \/>\n<meta property=\"og:type\" content=\"article\" \/>\n<meta property=\"og:title\" content=\"Kontakt - Bangkok By Bike\" \/>\n<meta property=\"og:description\" content=\"Guidade cykelturer i Bangkok. Upplev och l\u00e4r dig mer om s\u00e4ttet att leva och kulturen i Thailand. F\u00e5 n\u00e5gra fina minnen f\u00f6r m\u00e5nga \u00e5r fram\u00e5t.\" \/>\n<meta property=\"og:url\" content=\"https:\/\/bangkokbybike.com\/sv\/kontakt\/\" \/>\n<meta property=\"og:site_name\" content=\"Bangkok By Bike\" \/>\n<meta property=\"article:publisher\" content=\"https:\/\/www.facebook.com\/bangkokbybike\" \/>\n<meta property=\"article:modified_time\" content=\"2021-12-21T04:58:34+00:00\" \/>\n<meta property=\"og:image\" content=\"https:\/\/bangkokbybike.com\/wp-content\/uploads\/2021\/12\/og.jpg\" \/>\n\t<meta property=\"og:image:width\" content=\"1200\" \/>\n\t<meta property=\"og:image:height\" content=\"630\" \/>\n\t<meta property=\"og:image:type\" content=\"image\/jpeg\" \/>\n<meta name=\"twitter:card\" content=\"summary_large_image\" \/>\n<meta name=\"twitter:label1\" content=\"Ber\u00e4knad l\u00e4stid\" \/>\n\t<meta name=\"twitter:data1\" content=\"4 minuter\" \/>\n<script type=\"application\/ld+json\" class=\"yoast-schema-graph\">{\"@context\":\"https:\\\/\\\/schema.org\",\"@graph\":[{\"@type\":\"WebPage\",\"@id\":\"https:\\\/\\\/bangkokbybike.com\\\/sv\\\/kontakt\\\/\",\"url\":\"https:\\\/\\\/bangkokbybike.com\\\/sv\\\/kontakt\\\/\",\"name\":\"Kontakt - Bangkok By Bike\",\"isPartOf\":{\"@id\":\"https:\\\/\\\/bangkokbybike.com\\\/sv\\\/#website\"},\"primaryImageOfPage\":{\"@id\":\"https:\\\/\\\/bangkokbybike.com\\\/sv\\\/kontakt\\\/#primaryimage\"},\"image\":{\"@id\":\"https:\\\/\\\/bangkokbybike.com\\\/sv\\\/kontakt\\\/#primaryimage\"},\"thumbnailUrl\":\"https:\\\/\\\/bangkokbybike.com\\\/wp-content\\\/uploads\\\/2021\\\/12\\\/og.jpg\",\"datePublished\":\"2021-11-23T07:17:11+00:00\",\"dateModified\":\"2021-12-21T04:58:34+00:00\",\"description\":\"Guidade cykelturer i Bangkok. Upplev och l\u00e4r dig mer om s\u00e4ttet att leva och kulturen i Thailand. F\u00e5 n\u00e5gra fina minnen f\u00f6r m\u00e5nga \u00e5r fram\u00e5t.\",\"breadcrumb\":{\"@id\":\"https:\\\/\\\/bangkokbybike.com\\\/sv\\\/kontakt\\\/#breadcrumb\"},\"inLanguage\":\"sv-SE\",\"potentialAction\":[{\"@type\":\"ReadAction\",\"target\":[\"https:\\\/\\\/bangkokbybike.com\\\/sv\\\/kontakt\\\/\"]}]},{\"@type\":\"ImageObject\",\"inLanguage\":\"sv-SE\",\"@id\":\"https:\\\/\\\/bangkokbybike.com\\\/sv\\\/kontakt\\\/#primaryimage\",\"url\":\"https:\\\/\\\/bangkokbybike.com\\\/wp-content\\\/uploads\\\/2021\\\/12\\\/og.jpg\",\"contentUrl\":\"https:\\\/\\\/bangkokbybike.com\\\/wp-content\\\/uploads\\\/2021\\\/12\\\/og.jpg\",\"width\":1200,\"height\":630},{\"@type\":\"BreadcrumbList\",\"@id\":\"https:\\\/\\\/bangkokbybike.com\\\/sv\\\/kontakt\\\/#breadcrumb\",\"itemListElement\":[{\"@type\":\"ListItem\",\"position\":1,\"name\":\"Home\",\"item\":\"https:\\\/\\\/bangkokbybike.com\\\/sv\\\/\"},{\"@type\":\"ListItem\",\"position\":2,\"name\":\"Kontakt\"}]},{\"@type\":\"WebSite\",\"@id\":\"https:\\\/\\\/bangkokbybike.com\\\/sv\\\/#website\",\"url\":\"https:\\\/\\\/bangkokbybike.com\\\/sv\\\/\",\"name\":\"Bangkok By Bike\",\"description\":\"Guided Biking Tours in Bangkok\",\"publisher\":{\"@id\":\"https:\\\/\\\/bangkokbybike.com\\\/sv\\\/#organization\"},\"potentialAction\":[{\"@type\":\"SearchAction\",\"target\":{\"@type\":\"EntryPoint\",\"urlTemplate\":\"https:\\\/\\\/bangkokbybike.com\\\/sv\\\/?s={search_term_string}\"},\"query-input\":{\"@type\":\"PropertyValueSpecification\",\"valueRequired\":true,\"valueName\":\"search_term_string\"}}],\"inLanguage\":\"sv-SE\"},{\"@type\":\"Organization\",\"@id\":\"https:\\\/\\\/bangkokbybike.com\\\/sv\\\/#organization\",\"name\":\"Bangkok By Bike\",\"url\":\"https:\\\/\\\/bangkokbybike.com\\\/sv\\\/\",\"logo\":{\"@type\":\"ImageObject\",\"inLanguage\":\"sv-SE\",\"@id\":\"https:\\\/\\\/bangkokbybike.com\\\/sv\\\/#\\\/schema\\\/logo\\\/image\\\/\",\"url\":\"https:\\\/\\\/bangkokbybike.com\\\/wp-content\\\/uploads\\\/2021\\\/12\\\/logo-black.png\",\"contentUrl\":\"https:\\\/\\\/bangkokbybike.com\\\/wp-content\\\/uploads\\\/2021\\\/12\\\/logo-black.png\",\"width\":572,\"height\":84,\"caption\":\"Bangkok By Bike\"},\"image\":{\"@id\":\"https:\\\/\\\/bangkokbybike.com\\\/sv\\\/#\\\/schema\\\/logo\\\/image\\\/\"},\"sameAs\":[\"https:\\\/\\\/www.facebook.com\\\/bangkokbybike\"]}]}<\/script>\n<!-- \/ Yoast SEO plugin. -->","yoast_head_json":{"title":"Kontakt - Bangkok By Bike","description":"Guidade cykelturer i Bangkok. Upplev och l\u00e4r dig mer om s\u00e4ttet att leva och kulturen i Thailand. F\u00e5 n\u00e5gra fina minnen f\u00f6r m\u00e5nga \u00e5r fram\u00e5t.","robots":{"index":"index","follow":"follow","max-snippet":"max-snippet:-1","max-image-preview":"max-image-preview:large","max-video-preview":"max-video-preview:-1"},"canonical":"https:\/\/bangkokbybike.com\/sv\/kontakt\/","og_locale":"sv_SE","og_type":"article","og_title":"Kontakt - Bangkok By Bike","og_description":"Guidade cykelturer i Bangkok. Upplev och l\u00e4r dig mer om s\u00e4ttet att leva och kulturen i Thailand. F\u00e5 n\u00e5gra fina minnen f\u00f6r m\u00e5nga \u00e5r fram\u00e5t.","og_url":"https:\/\/bangkokbybike.com\/sv\/kontakt\/","og_site_name":"Bangkok By Bike","article_publisher":"https:\/\/www.facebook.com\/bangkokbybike","article_modified_time":"2021-12-21T04:58:34+00:00","og_image":[{"width":1200,"height":630,"url":"https:\/\/bangkokbybike.com\/wp-content\/uploads\/2021\/12\/og.jpg","type":"image\/jpeg"}],"twitter_card":"summary_large_image","twitter_misc":{"Ber\u00e4knad l\u00e4stid":"4 minuter"},"schema":{"@context":"https:\/\/schema.org","@graph":[{"@type":"WebPage","@id":"https:\/\/bangkokbybike.com\/sv\/kontakt\/","url":"https:\/\/bangkokbybike.com\/sv\/kontakt\/","name":"Kontakt - Bangkok By Bike","isPartOf":{"@id":"https:\/\/bangkokbybike.com\/sv\/#website"},"primaryImageOfPage":{"@id":"https:\/\/bangkokbybike.com\/sv\/kontakt\/#primaryimage"},"image":{"@id":"https:\/\/bangkokbybike.com\/sv\/kontakt\/#primaryimage"},"thumbnailUrl":"https:\/\/bangkokbybike.com\/wp-content\/uploads\/2021\/12\/og.jpg","datePublished":"2021-11-23T07:17:11+00:00","dateModified":"2021-12-21T04:58:34+00:00","description":"Guidade cykelturer i Bangkok. Upplev och l\u00e4r dig mer om s\u00e4ttet att leva och kulturen i Thailand. F\u00e5 n\u00e5gra fina minnen f\u00f6r m\u00e5nga \u00e5r fram\u00e5t.","breadcrumb":{"@id":"https:\/\/bangkokbybike.com\/sv\/kontakt\/#breadcrumb"},"inLanguage":"sv-SE","potentialAction":[{"@type":"ReadAction","target":["https:\/\/bangkokbybike.com\/sv\/kontakt\/"]}]},{"@type":"ImageObject","inLanguage":"sv-SE","@id":"https:\/\/bangkokbybike.com\/sv\/kontakt\/#primaryimage","url":"https:\/\/bangkokbybike.com\/wp-content\/uploads\/2021\/12\/og.jpg","contentUrl":"https:\/\/bangkokbybike.com\/wp-content\/uploads\/2021\/12\/og.jpg","width":1200,"height":630},{"@type":"BreadcrumbList","@id":"https:\/\/bangkokbybike.com\/sv\/kontakt\/#breadcrumb","itemListElement":[{"@type":"ListItem","position":1,"name":"Home","item":"https:\/\/bangkokbybike.com\/sv\/"},{"@type":"ListItem","position":2,"name":"Kontakt"}]},{"@type":"WebSite","@id":"https:\/\/bangkokbybike.com\/sv\/#website","url":"https:\/\/bangkokbybike.com\/sv\/","name":"Bangkok By Bike","description":"Guided Biking Tours in Bangkok","publisher":{"@id":"https:\/\/bangkokbybike.com\/sv\/#organization"},"potentialAction":[{"@type":"SearchAction","target":{"@type":"EntryPoint","urlTemplate":"https:\/\/bangkokbybike.com\/sv\/?s={search_term_string}"},"query-input":{"@type":"PropertyValueSpecification","valueRequired":true,"valueName":"search_term_string"}}],"inLanguage":"sv-SE"},{"@type":"Organization","@id":"https:\/\/bangkokbybike.com\/sv\/#organization","name":"Bangkok By Bike","url":"https:\/\/bangkokbybike.com\/sv\/","logo":{"@type":"ImageObject","inLanguage":"sv-SE","@id":"https:\/\/bangkokbybike.com\/sv\/#\/schema\/logo\/image\/","url":"https:\/\/bangkokbybike.com\/wp-content\/uploads\/2021\/12\/logo-black.png","contentUrl":"https:\/\/bangkokbybike.com\/wp-content\/uploads\/2021\/12\/logo-black.png","width":572,"height":84,"caption":"Bangkok By Bike"},"image":{"@id":"https:\/\/bangkokbybike.com\/sv\/#\/schema\/logo\/image\/"},"sameAs":["https:\/\/www.facebook.com\/bangkokbybike"]}]}},"_links":{"self":[{"href":"https:\/\/bangkokbybike.com\/sv\/wp-json\/wp\/v2\/pages\/832","targetHints":{"allow":["GET"]}}],"collection":[{"href":"https:\/\/bangkokbybike.com\/sv\/wp-json\/wp\/v2\/pages"}],"about":[{"href":"https:\/\/bangkokbybike.com\/sv\/wp-json\/wp\/v2\/types\/page"}],"author":[{"embeddable":true,"href":"https:\/\/bangkokbybike.com\/sv\/wp-json\/wp\/v2\/users\/1"}],"replies":[{"embeddable":true,"href":"https:\/\/bangkokbybike.com\/sv\/wp-json\/wp\/v2\/comments?post=832"}],"version-history":[{"count":0,"href":"https:\/\/bangkokbybike.com\/sv\/wp-json\/wp\/v2\/pages\/832\/revisions"}],"wp:featuredmedia":[{"embeddable":true,"href":"https:\/\/bangkokbybike.com\/sv\/wp-json\/wp\/v2\/media\/1533"}],"wp:attachment":[{"href":"https:\/\/bangkokbybike.com\/sv\/wp-json\/wp\/v2\/media?parent=832"}],"curies":[{"name":"wp","href":"https:\/\/api.w.org\/{rel}","templated":true}]}}