{"id":825,"date":"2021-12-01T06:28:20","date_gmt":"2021-12-01T06:28:20","guid":{"rendered":"https:\/\/bangkokbybike.com\/booking\/"},"modified":"2021-12-21T02:45:47","modified_gmt":"2021-12-21T02:45:47","slug":"bokning","status":"publish","type":"page","link":"https:\/\/bangkokbybike.com\/sv\/bokning\/","title":{"rendered":"Bokning"},"content":{"rendered":"<p>[et_pb_section fb_built=&#8221;1&#8243; fullwidth=&#8221;on&#8221; _builder_version=&#8221;4.14.1&#8243; _module_preset=&#8221;default&#8221; global_colors_info=&#8221;{}&#8221;][et_pb_fullwidth_header title=&#8221;Boka h\u00e4r!&#8221; button_one_url=&#8221;@ET-DC@eyJkeW5hbWljIjp0cnVlLCJjb250ZW50IjoicG9zdF9saW5rX3VybF9wYWdlIiwic2V0dGluZ3MiOnsicG9zdF9pZCI6IjMyMSJ9fQ==@&#8221; _builder_version=&#8221;4.14.2&#8243; _dynamic_attributes=&#8221;button_one_url&#8221; _module_preset=&#8221;default&#8221; title_text_color=&#8221;#FFFFFF&#8221; title_font_size=&#8221;100px&#8221; subhead_font=&#8221;|700|||||||&#8221; subhead_text_color=&#8221;#FFFFFF&#8221; subhead_font_size=&#8221;30px&#8221; subhead_line_height=&#8221;1.1em&#8221; background_enable_color=&#8221;off&#8221; background_image=&#8221;https:\/\/bangkokbybike.com\/wp-content\/uploads\/2021\/12\/header-guys.jpg&#8221; background_position=&#8221;top_center&#8221; custom_button_one=&#8221;on&#8221; button_one_text_size=&#8221;18px&#8221; button_one_use_icon=&#8221;off&#8221; button_one_custom_padding=&#8221;5px|30px|5px|30px|true|true&#8221; custom_padding=&#8221;431px||125px|||&#8221; custom_padding_tablet=&#8221;200px||100px||false|false&#8221; custom_padding_phone=&#8221;100px||10px||false|false&#8221; custom_padding_last_edited=&#8221;on|desktop&#8221; title_font_size_tablet=&#8221;70px&#8221; title_font_size_phone=&#8221;40px&#8221; title_font_size_last_edited=&#8221;on|phone&#8221; subhead_font_size_tablet=&#8221;24px&#8221; subhead_font_size_phone=&#8221;22px&#8221; subhead_font_size_last_edited=&#8221;on|tablet&#8221; title_text_shadow_style=&#8221;preset2&#8243; subhead_text_shadow_style=&#8221;preset2&#8243; box_shadow_style_button_one=&#8221;preset2&#8243; global_colors_info=&#8221;{}&#8221;][\/et_pb_fullwidth_header][\/et_pb_section][et_pb_section fb_built=&#8221;1&#8243; custom_padding_last_edited=&#8221;on|phone&#8221; _builder_version=&#8221;4.14.1&#8243; _module_preset=&#8221;default&#8221; custom_padding=&#8221;80px||80px||true|false&#8221; custom_padding_tablet=&#8221;40px||40px||false|false&#8221; custom_padding_phone=&#8221;||30px||false|false&#8221; global_colors_info=&#8221;{}&#8221;][et_pb_row column_structure=&#8221;1_3,2_3&#8243; use_custom_gutter=&#8221;on&#8221; gutter_width=&#8221;2&#8243; _builder_version=&#8221;4.14.2&#8243; _module_preset=&#8221;default&#8221; max_width=&#8221;1200px&#8221; custom_margin=&#8221;0px||0px||false|false&#8221; custom_padding=&#8221;0px||0px||false|false&#8221; global_colors_info=&#8221;{}&#8221;][et_pb_column type=&#8221;1_3&#8243; _builder_version=&#8221;4.14.0&#8243; _module_preset=&#8221;default&#8221; global_colors_info=&#8221;{}&#8221;][et_pb_text _builder_version=&#8221;4.14.2&#8243; _module_preset=&#8221;default&#8221; header_font_size=&#8221;50px&#8221; header_2_font_size=&#8221;28px&#8221; custom_padding=&#8221;||40px||false|false&#8221; header_font_size_tablet=&#8221;40px&#8221; header_font_size_phone=&#8221;40px&#8221; header_font_size_last_edited=&#8221;on|phone&#8221; global_colors_info=&#8221;{}&#8221;]<\/p>\n<h1>Bokning<\/h1>\n<p>F\u00f6r att boka en cykeltur med Bangkok By Bike var v\u00e4nlig och fyll i bokningsformul\u00e4ret, med aktuella uppgifter.<\/p>\n<p>F\u00e4lt med en asterisk * \u00e4r obligatoriskt.<\/p>\n<p>Yahoo-mail fungerar inte.<\/p>\n<p>Normalt bekr\u00e4ftas din bokning inom 24 timmar.<\/p>\n<p><strong>\u00c4r du sent ute, ring och boka ist\u00e4llet!<\/strong><\/p>\n<p>[\/et_pb_text][\/et_pb_column][et_pb_column type=&#8221;2_3&#8243; _builder_version=&#8221;4.14.0&#8243; _module_preset=&#8221;default&#8221; global_colors_info=&#8221;{}&#8221;][et_pb_text _builder_version=&#8221;4.14.4&#8243; _module_preset=&#8221;default&#8221; hover_enabled=&#8221;0&#8243; sticky_enabled=&#8221;0&#8243;]<div class=\"wpforms-container wpforms-container-full\" id=\"wpforms-1622\"><form id=\"wpforms-form-1622\" class=\"wpforms-validate wpforms-form wpforms-ajax-form\" data-formid=\"1622\" method=\"post\" enctype=\"multipart\/form-data\" action=\"\/sv\/wp-json\/wp\/v2\/pages\/825\" data-token=\"7c1156103538171fec0ad0b197b39e79\" data-token-time=\"1776468337\"><noscript class=\"wpforms-error-noscript\">Aktivera JavaScript i din webbl\u00e4sare f\u00f6r att fylla i formul\u00e4ret.<\/noscript><div class=\"wpforms-field-container\"><div id=\"wpforms-1622-field_1-container\" class=\"wpforms-field wpforms-field-text walwpf-datepicker\" data-field-id=\"1\"><label class=\"wpforms-field-label\" for=\"wpforms-1622-field_1\">Datum <span class=\"wpforms-required-label\">*<\/span><\/label><input type=\"text\" id=\"wpforms-1622-field_1\" class=\"wpforms-field-large wpforms-field-required\" name=\"wpforms[fields][1]\" required><\/div><div id=\"wpforms-1622-field_2-container\" class=\"wpforms-field wpforms-field-select wpforms-field-select-style-modern\" data-field-id=\"2\"><label class=\"wpforms-field-label\" for=\"wpforms-1622-field_2\">Tur <span class=\"wpforms-required-label\">*<\/span><\/label><select id=\"wpforms-1622-field_2\" class=\"wpforms-field-large wpforms-field-required choicesjs-select\" data-size-class=\"wpforms-field-row wpforms-field-large\" data-search-enabled=\"\" name=\"wpforms[fields][2]\" required=\"required\"><option value=\"\" class=\"placeholder\" disabled  selected='selected'><\/option><option value=\"F\u00f6rmiddagstur\"  class=\"choice-1 depth-1\"  >F\u00f6rmiddagstur<\/option><option value=\"Eftermiddagstur\"  class=\"choice-4 depth-1\"  >Eftermiddagstur<\/option><option value=\"Bangkok by night\"  class=\"choice-2 depth-1\"  >Bangkok by night<\/option><option value=\"Walking trip\"  class=\"choice-3 depth-1\"  >Walking trip<\/option><\/select><\/div><div id=\"wpforms-1622-field_3-container\" class=\"wpforms-field wpforms-field-text walwpf-datepicker\" data-field-id=\"3\"><label class=\"wpforms-field-label\" for=\"wpforms-1622-field_3\">Alternativt datum<\/label><input type=\"text\" id=\"wpforms-1622-field_3\" class=\"wpforms-field-large\" name=\"wpforms[fields][3]\" ><\/div><div id=\"wpforms-1622-field_13-container\" class=\"wpforms-field wpforms-field-select wpforms-field-select-style-modern\" data-field-id=\"13\"><label class=\"wpforms-field-label\" for=\"wpforms-1622-field_13\">Alternativ tur<\/label><select id=\"wpforms-1622-field_13\" class=\"wpforms-field-large choicesjs-select\" data-size-class=\"wpforms-field-row wpforms-field-large\" data-search-enabled=\"\" name=\"wpforms[fields][13]\"><option value=\"\" class=\"placeholder\" disabled  selected='selected'><\/option><option value=\"F\u00f6rmiddagstur\"  class=\"choice-1 depth-1\"  >F\u00f6rmiddagstur<\/option><option value=\"Eftermiddagstur\"  class=\"choice-4 depth-1\"  >Eftermiddagstur<\/option><option value=\"Bangkok by night\"  class=\"choice-2 depth-1\"  >Bangkok by night<\/option><option value=\"Walking trip\"  class=\"choice-3 depth-1\"  >Walking trip<\/option><\/select><\/div><div id=\"wpforms-1622-field_5-container\" class=\"wpforms-field wpforms-field-number wpforms-one-third wpforms-first\" data-field-id=\"5\"><label class=\"wpforms-field-label\" for=\"wpforms-1622-field_5\">Antal vuxna<\/label><input type=\"number\" id=\"wpforms-1622-field_5\" class=\"wpforms-field-large\" name=\"wpforms[fields][5]\" step=\"any\" ><\/div><div id=\"wpforms-1622-field_6-container\" class=\"wpforms-field wpforms-field-number wpforms-one-third\" data-field-id=\"6\"><label class=\"wpforms-field-label\" for=\"wpforms-1622-field_6\">Barn 6-10 \u00e5r<\/label><input type=\"number\" id=\"wpforms-1622-field_6\" class=\"wpforms-field-large\" name=\"wpforms[fields][6]\" step=\"any\" ><\/div><div id=\"wpforms-1622-field_7-container\" class=\"wpforms-field wpforms-field-number wpforms-one-third\" data-field-id=\"7\"><label class=\"wpforms-field-label\" for=\"wpforms-1622-field_7\">Barn 0-5 \u00e5r<\/label><input type=\"number\" id=\"wpforms-1622-field_7\" class=\"wpforms-field-large\" name=\"wpforms[fields][7]\" step=\"any\" ><\/div><div id=\"wpforms-1622-field_8-container\" class=\"wpforms-field wpforms-field-text wpforms-one-third wpforms-first\" data-field-id=\"8\"><label class=\"wpforms-field-label\" for=\"wpforms-1622-field_8\">F\u00f6r- och efternamn <span class=\"wpforms-required-label\">*<\/span><\/label><input type=\"text\" id=\"wpforms-1622-field_8\" class=\"wpforms-field-large wpforms-field-required\" name=\"wpforms[fields][8]\" required><\/div><div id=\"wpforms-1622-field_9-container\" class=\"wpforms-field wpforms-field-email wpforms-one-third\" data-field-id=\"9\"><label class=\"wpforms-field-label\" for=\"wpforms-1622-field_9\">Epost <span class=\"wpforms-required-label\">*<\/span><\/label><input type=\"email\" id=\"wpforms-1622-field_9\" class=\"wpforms-field-large wpforms-field-required\" name=\"wpforms[fields][9]\" spellcheck=\"false\" required><\/div><div id=\"wpforms-1622-field_10-container\" class=\"wpforms-field wpforms-field-text wpforms-one-third\" data-field-id=\"10\"><label class=\"wpforms-field-label\" for=\"wpforms-1622-field_10\">WhatsApp-nummer<\/label><input type=\"text\" id=\"wpforms-1622-field_10\" class=\"wpforms-field-large\" name=\"wpforms[fields][10]\" ><\/div><div id=\"wpforms-1622-field_12-container\" class=\"wpforms-field wpforms-field-textarea\" data-field-id=\"12\"><label class=\"wpforms-field-label\" for=\"wpforms-1622-field_12\">\u00d6vriga upplysningar<\/label><textarea id=\"wpforms-1622-field_12\" class=\"wpforms-field-medium\" name=\"wpforms[fields][12]\" ><\/textarea><\/div><\/div><!-- .wpforms-field-container --><div class=\"wpforms-submit-container\" ><input type=\"hidden\" name=\"wpforms[id]\" value=\"1622\"><input type=\"hidden\" name=\"page_title\" value=\"\"><input type=\"hidden\" name=\"page_url\" value=\"https:\/\/bangkokbybike.com\/sv\/wp-json\/wp\/v2\/pages\/825\"><input type=\"hidden\" name=\"url_referer\" value=\"\"><button type=\"submit\" name=\"wpforms[submit]\" id=\"wpforms-submit-1622\" class=\"wpforms-submit\" data-alt-text=\"Skickar...\" data-submit-text=\"Skicka\" aria-live=\"assertive\" value=\"wpforms-submit\">Skicka<\/button><img loading=\"lazy\" decoding=\"async\" src=\"https:\/\/bangkokbybike.com\/wp-content\/plugins\/wpforms-lite\/assets\/images\/submit-spin.svg\" class=\"wpforms-submit-spinner\" style=\"display: none;\" width=\"26\" height=\"26\" alt=\"Laddar\"><\/div><\/form><\/div>  <!-- .wpforms-container -->[\/et_pb_text][\/et_pb_column][\/et_pb_row][\/et_pb_section]<\/p>\n","protected":false},"excerpt":{"rendered":"<p>Guidade cykelturer i Bangkok. Upplev och l\u00e4r dig mer om s\u00e4ttet att leva och kulturen i Thailand. F\u00e5 n\u00e5gra fina minnen f\u00f6r m\u00e5nga \u00e5r fram\u00e5t.<\/p>\n","protected":false},"author":1,"featured_media":1517,"parent":0,"menu_order":0,"comment_status":"closed","ping_status":"closed","template":"","meta":{"_et_pb_use_builder":"on","_et_pb_old_content":"","_et_gb_content_width":"","footnotes":""},"class_list":["post-825","page","type-page","status-publish","has-post-thumbnail","hentry"],"yoast_head":"<!-- This site is optimized with the Yoast SEO plugin v27.4 - https:\/\/yoast.com\/product\/yoast-seo-wordpress\/ -->\n<title>Bokning - Bangkok By Bike<\/title>\n<meta name=\"description\" content=\"Guidade cykelturer i Bangkok. Upplev och l\u00e4r dig mer om s\u00e4ttet att leva och kulturen i Thailand. F\u00e5 n\u00e5gra fina minnen f\u00f6r m\u00e5nga \u00e5r fram\u00e5t.\" \/>\n<meta name=\"robots\" content=\"index, follow, max-snippet:-1, max-image-preview:large, max-video-preview:-1\" \/>\n<link rel=\"canonical\" href=\"https:\/\/bangkokbybike.com\/sv\/bokning\/\" \/>\n<meta property=\"og:locale\" content=\"sv_SE\" \/>\n<meta property=\"og:type\" content=\"article\" \/>\n<meta property=\"og:title\" content=\"Bokning - Bangkok By Bike\" \/>\n<meta property=\"og:description\" content=\"Guidade cykelturer i Bangkok. Upplev och l\u00e4r dig mer om s\u00e4ttet att leva och kulturen i Thailand. F\u00e5 n\u00e5gra fina minnen f\u00f6r m\u00e5nga \u00e5r fram\u00e5t.\" \/>\n<meta property=\"og:url\" content=\"https:\/\/bangkokbybike.com\/sv\/bokning\/\" \/>\n<meta property=\"og:site_name\" content=\"Bangkok By Bike\" \/>\n<meta property=\"article:publisher\" content=\"https:\/\/www.facebook.com\/bangkokbybike\" \/>\n<meta property=\"article:modified_time\" content=\"2021-12-21T02:45:47+00:00\" \/>\n<meta property=\"og:image\" content=\"https:\/\/bangkokbybike.com\/wp-content\/uploads\/2021\/12\/metabild.jpg\" \/>\n\t<meta property=\"og:image:width\" content=\"1201\" \/>\n\t<meta property=\"og:image:height\" content=\"630\" \/>\n\t<meta property=\"og:image:type\" content=\"image\/jpeg\" \/>\n<meta name=\"twitter:card\" content=\"summary_large_image\" \/>\n<meta name=\"twitter:label1\" content=\"Ber\u00e4knad l\u00e4stid\" \/>\n\t<meta name=\"twitter:data1\" content=\"2 minuter\" \/>\n<script type=\"application\/ld+json\" class=\"yoast-schema-graph\">{\"@context\":\"https:\\\/\\\/schema.org\",\"@graph\":[{\"@type\":\"WebPage\",\"@id\":\"https:\\\/\\\/bangkokbybike.com\\\/sv\\\/bokning\\\/\",\"url\":\"https:\\\/\\\/bangkokbybike.com\\\/sv\\\/bokning\\\/\",\"name\":\"Bokning - Bangkok By Bike\",\"isPartOf\":{\"@id\":\"https:\\\/\\\/bangkokbybike.com\\\/sv\\\/#website\"},\"primaryImageOfPage\":{\"@id\":\"https:\\\/\\\/bangkokbybike.com\\\/sv\\\/bokning\\\/#primaryimage\"},\"image\":{\"@id\":\"https:\\\/\\\/bangkokbybike.com\\\/sv\\\/bokning\\\/#primaryimage\"},\"thumbnailUrl\":\"https:\\\/\\\/bangkokbybike.com\\\/wp-content\\\/uploads\\\/2021\\\/12\\\/metabild.jpg\",\"datePublished\":\"2021-12-01T06:28:20+00:00\",\"dateModified\":\"2021-12-21T02:45:47+00:00\",\"description\":\"Guidade cykelturer i Bangkok. Upplev och l\u00e4r dig mer om s\u00e4ttet att leva och kulturen i Thailand. F\u00e5 n\u00e5gra fina minnen f\u00f6r m\u00e5nga \u00e5r fram\u00e5t.\",\"breadcrumb\":{\"@id\":\"https:\\\/\\\/bangkokbybike.com\\\/sv\\\/bokning\\\/#breadcrumb\"},\"inLanguage\":\"sv-SE\",\"potentialAction\":[{\"@type\":\"ReadAction\",\"target\":[\"https:\\\/\\\/bangkokbybike.com\\\/sv\\\/bokning\\\/\"]}]},{\"@type\":\"ImageObject\",\"inLanguage\":\"sv-SE\",\"@id\":\"https:\\\/\\\/bangkokbybike.com\\\/sv\\\/bokning\\\/#primaryimage\",\"url\":\"https:\\\/\\\/bangkokbybike.com\\\/wp-content\\\/uploads\\\/2021\\\/12\\\/metabild.jpg\",\"contentUrl\":\"https:\\\/\\\/bangkokbybike.com\\\/wp-content\\\/uploads\\\/2021\\\/12\\\/metabild.jpg\",\"width\":1201,\"height\":630},{\"@type\":\"BreadcrumbList\",\"@id\":\"https:\\\/\\\/bangkokbybike.com\\\/sv\\\/bokning\\\/#breadcrumb\",\"itemListElement\":[{\"@type\":\"ListItem\",\"position\":1,\"name\":\"Home\",\"item\":\"https:\\\/\\\/bangkokbybike.com\\\/sv\\\/\"},{\"@type\":\"ListItem\",\"position\":2,\"name\":\"Bokning\"}]},{\"@type\":\"WebSite\",\"@id\":\"https:\\\/\\\/bangkokbybike.com\\\/sv\\\/#website\",\"url\":\"https:\\\/\\\/bangkokbybike.com\\\/sv\\\/\",\"name\":\"Bangkok By Bike\",\"description\":\"Guided Biking Tours in Bangkok\",\"publisher\":{\"@id\":\"https:\\\/\\\/bangkokbybike.com\\\/sv\\\/#organization\"},\"potentialAction\":[{\"@type\":\"SearchAction\",\"target\":{\"@type\":\"EntryPoint\",\"urlTemplate\":\"https:\\\/\\\/bangkokbybike.com\\\/sv\\\/?s={search_term_string}\"},\"query-input\":{\"@type\":\"PropertyValueSpecification\",\"valueRequired\":true,\"valueName\":\"search_term_string\"}}],\"inLanguage\":\"sv-SE\"},{\"@type\":\"Organization\",\"@id\":\"https:\\\/\\\/bangkokbybike.com\\\/sv\\\/#organization\",\"name\":\"Bangkok By Bike\",\"url\":\"https:\\\/\\\/bangkokbybike.com\\\/sv\\\/\",\"logo\":{\"@type\":\"ImageObject\",\"inLanguage\":\"sv-SE\",\"@id\":\"https:\\\/\\\/bangkokbybike.com\\\/sv\\\/#\\\/schema\\\/logo\\\/image\\\/\",\"url\":\"https:\\\/\\\/bangkokbybike.com\\\/wp-content\\\/uploads\\\/2021\\\/12\\\/logo-black.png\",\"contentUrl\":\"https:\\\/\\\/bangkokbybike.com\\\/wp-content\\\/uploads\\\/2021\\\/12\\\/logo-black.png\",\"width\":572,\"height\":84,\"caption\":\"Bangkok By Bike\"},\"image\":{\"@id\":\"https:\\\/\\\/bangkokbybike.com\\\/sv\\\/#\\\/schema\\\/logo\\\/image\\\/\"},\"sameAs\":[\"https:\\\/\\\/www.facebook.com\\\/bangkokbybike\"]}]}<\/script>\n<!-- \/ Yoast SEO plugin. -->","yoast_head_json":{"title":"Bokning - Bangkok By Bike","description":"Guidade cykelturer i Bangkok. Upplev och l\u00e4r dig mer om s\u00e4ttet att leva och kulturen i Thailand. F\u00e5 n\u00e5gra fina minnen f\u00f6r m\u00e5nga \u00e5r fram\u00e5t.","robots":{"index":"index","follow":"follow","max-snippet":"max-snippet:-1","max-image-preview":"max-image-preview:large","max-video-preview":"max-video-preview:-1"},"canonical":"https:\/\/bangkokbybike.com\/sv\/bokning\/","og_locale":"sv_SE","og_type":"article","og_title":"Bokning - Bangkok By Bike","og_description":"Guidade cykelturer i Bangkok. Upplev och l\u00e4r dig mer om s\u00e4ttet att leva och kulturen i Thailand. F\u00e5 n\u00e5gra fina minnen f\u00f6r m\u00e5nga \u00e5r fram\u00e5t.","og_url":"https:\/\/bangkokbybike.com\/sv\/bokning\/","og_site_name":"Bangkok By Bike","article_publisher":"https:\/\/www.facebook.com\/bangkokbybike","article_modified_time":"2021-12-21T02:45:47+00:00","og_image":[{"width":1201,"height":630,"url":"https:\/\/bangkokbybike.com\/wp-content\/uploads\/2021\/12\/metabild.jpg","type":"image\/jpeg"}],"twitter_card":"summary_large_image","twitter_misc":{"Ber\u00e4knad l\u00e4stid":"2 minuter"},"schema":{"@context":"https:\/\/schema.org","@graph":[{"@type":"WebPage","@id":"https:\/\/bangkokbybike.com\/sv\/bokning\/","url":"https:\/\/bangkokbybike.com\/sv\/bokning\/","name":"Bokning - Bangkok By Bike","isPartOf":{"@id":"https:\/\/bangkokbybike.com\/sv\/#website"},"primaryImageOfPage":{"@id":"https:\/\/bangkokbybike.com\/sv\/bokning\/#primaryimage"},"image":{"@id":"https:\/\/bangkokbybike.com\/sv\/bokning\/#primaryimage"},"thumbnailUrl":"https:\/\/bangkokbybike.com\/wp-content\/uploads\/2021\/12\/metabild.jpg","datePublished":"2021-12-01T06:28:20+00:00","dateModified":"2021-12-21T02:45:47+00:00","description":"Guidade cykelturer i Bangkok. Upplev och l\u00e4r dig mer om s\u00e4ttet att leva och kulturen i Thailand. F\u00e5 n\u00e5gra fina minnen f\u00f6r m\u00e5nga \u00e5r fram\u00e5t.","breadcrumb":{"@id":"https:\/\/bangkokbybike.com\/sv\/bokning\/#breadcrumb"},"inLanguage":"sv-SE","potentialAction":[{"@type":"ReadAction","target":["https:\/\/bangkokbybike.com\/sv\/bokning\/"]}]},{"@type":"ImageObject","inLanguage":"sv-SE","@id":"https:\/\/bangkokbybike.com\/sv\/bokning\/#primaryimage","url":"https:\/\/bangkokbybike.com\/wp-content\/uploads\/2021\/12\/metabild.jpg","contentUrl":"https:\/\/bangkokbybike.com\/wp-content\/uploads\/2021\/12\/metabild.jpg","width":1201,"height":630},{"@type":"BreadcrumbList","@id":"https:\/\/bangkokbybike.com\/sv\/bokning\/#breadcrumb","itemListElement":[{"@type":"ListItem","position":1,"name":"Home","item":"https:\/\/bangkokbybike.com\/sv\/"},{"@type":"ListItem","position":2,"name":"Bokning"}]},{"@type":"WebSite","@id":"https:\/\/bangkokbybike.com\/sv\/#website","url":"https:\/\/bangkokbybike.com\/sv\/","name":"Bangkok By Bike","description":"Guided Biking Tours in Bangkok","publisher":{"@id":"https:\/\/bangkokbybike.com\/sv\/#organization"},"potentialAction":[{"@type":"SearchAction","target":{"@type":"EntryPoint","urlTemplate":"https:\/\/bangkokbybike.com\/sv\/?s={search_term_string}"},"query-input":{"@type":"PropertyValueSpecification","valueRequired":true,"valueName":"search_term_string"}}],"inLanguage":"sv-SE"},{"@type":"Organization","@id":"https:\/\/bangkokbybike.com\/sv\/#organization","name":"Bangkok By Bike","url":"https:\/\/bangkokbybike.com\/sv\/","logo":{"@type":"ImageObject","inLanguage":"sv-SE","@id":"https:\/\/bangkokbybike.com\/sv\/#\/schema\/logo\/image\/","url":"https:\/\/bangkokbybike.com\/wp-content\/uploads\/2021\/12\/logo-black.png","contentUrl":"https:\/\/bangkokbybike.com\/wp-content\/uploads\/2021\/12\/logo-black.png","width":572,"height":84,"caption":"Bangkok By Bike"},"image":{"@id":"https:\/\/bangkokbybike.com\/sv\/#\/schema\/logo\/image\/"},"sameAs":["https:\/\/www.facebook.com\/bangkokbybike"]}]}},"_links":{"self":[{"href":"https:\/\/bangkokbybike.com\/sv\/wp-json\/wp\/v2\/pages\/825","targetHints":{"allow":["GET"]}}],"collection":[{"href":"https:\/\/bangkokbybike.com\/sv\/wp-json\/wp\/v2\/pages"}],"about":[{"href":"https:\/\/bangkokbybike.com\/sv\/wp-json\/wp\/v2\/types\/page"}],"author":[{"embeddable":true,"href":"https:\/\/bangkokbybike.com\/sv\/wp-json\/wp\/v2\/users\/1"}],"replies":[{"embeddable":true,"href":"https:\/\/bangkokbybike.com\/sv\/wp-json\/wp\/v2\/comments?post=825"}],"version-history":[{"count":0,"href":"https:\/\/bangkokbybike.com\/sv\/wp-json\/wp\/v2\/pages\/825\/revisions"}],"wp:featuredmedia":[{"embeddable":true,"href":"https:\/\/bangkokbybike.com\/sv\/wp-json\/wp\/v2\/media\/1517"}],"wp:attachment":[{"href":"https:\/\/bangkokbybike.com\/sv\/wp-json\/wp\/v2\/media?parent=825"}],"curies":[{"name":"wp","href":"https:\/\/api.w.org\/{rel}","templated":true}]}}