{"id":833,"date":"2021-11-23T07:17:11","date_gmt":"2021-11-23T07:17:11","guid":{"rendered":"https:\/\/bangkokbybike.com\/contact\/"},"modified":"2021-12-21T04:58:35","modified_gmt":"2021-12-21T04:58:35","slug":"contact","status":"publish","type":"page","link":"https:\/\/bangkokbybike.com\/fr\/contact\/","title":{"rendered":"Contactez-nous"},"content":{"rendered":"<p>[et_pb_section fb_built=\u00a0\u00bb1&Prime; custom_padding_last_edited=\u00a0\u00bbon|phone\u00a0\u00bb _builder_version=\u00a0\u00bb4.14.1&Prime; _module_preset=\u00a0\u00bbdefault\u00a0\u00bb custom_padding=\u00a0\u00bb60px||60px||true|false\u00a0\u00bb custom_padding_tablet=\u00a0\u00bb40px||40px||false|false\u00a0\u00bb custom_padding_phone=\u00a0\u00bb||30px||false|false\u00a0\u00bb global_colors_info=\u00a0\u00bb{}\u00a0\u00bb][et_pb_row column_structure=\u00a0\u00bb3_5,2_5&Prime; use_custom_gutter=\u00a0\u00bbon\u00a0\u00bb gutter_width=\u00a0\u00bb2&Prime; _builder_version=\u00a0\u00bb4.14.2&Prime; _module_preset=\u00a0\u00bbdefault\u00a0\u00bb max_width=\u00a0\u00bb1200px\u00a0\u00bb custom_margin=\u00a0\u00bb0px||0px||false|false\u00a0\u00bb custom_padding=\u00a0\u00bb0px||0px||false|false\u00a0\u00bb global_colors_info=\u00a0\u00bb{}\u00a0\u00bb][et_pb_column type=\u00a0\u00bb3_5&Prime; _builder_version=\u00a0\u00bb4.14.0&Prime; _module_preset=\u00a0\u00bbdefault\u00a0\u00bb global_colors_info=\u00a0\u00bb{}\u00a0\u00bb][et_pb_text _builder_version=\u00a0\u00bb4.14.4&Prime; _module_preset=\u00a0\u00bbdefault\u00a0\u00bb header_2_font_size=\u00a0\u00bb28px\u00a0\u00bb custom_padding=\u00a0\u00bb||40px||false|false\u00a0\u00bb custom_padding_tablet=\u00a0\u00bb||20px||false|false\u00a0\u00bb custom_padding_phone=\u00a0\u00bb||20px||false|false\u00a0\u00bb custom_padding_last_edited=\u00a0\u00bbon|tablet\u00a0\u00bb hover_enabled=\u00a0\u00bb0&Prime; global_colors_info=\u00a0\u00bb{}\u00a0\u00bb sticky_enabled=\u00a0\u00bb0&Prime;]<\/p>\n<h1>Contactez-nous<\/h1>\n<p>N\u2019h\u00e9sitez pas \u00e0 nous contacter en remplissant le formulaire ci-dessous ou en nous \u00e9crivant un email.<\/p>\n<p>Notre bureau est situ\u00e9 du c\u00f4t\u00e9 ouest du fleuve Chao Phraya, tout pr\u00e8s du pont Phra Pin Klao, juste en face du fameux quartier de Banglamphoo.<\/p>\n<p><strong>Adresse:<\/strong> 161\/1 Soi 17, Somdetprapinklao Rd, Arun Amarin, Bangkok Noi, 107 00 Bangkok<\/p>\n<p><strong>T\u00e9l\u00e9phone:<\/strong> +66(0)2435-9058 (il est pr\u00e9f\u00e9rable d\u2019utiliser le num\u00e9ro de t\u00e9l\u00e9phone mobile ci-dessous)<\/p>\n<p><strong>Mobile:<\/strong> +66(0)89-520 8947<\/p>\n<p><strong>Mail:<\/strong> <span style=\"text-decoration: underline;\"><a href=\"mailto:info@bangkokbybike.com\">info@bangkokbybike.com<\/a><\/span><\/p>\n<p><strong>Website:<\/strong> https:\/\/bangkokbybike.com<\/p>\n<p><strong>TAT-licence:<\/strong> No:14\/00201<\/p>\n<p>[\/et_pb_text][\/et_pb_column][et_pb_column type=\u00a0\u00bb2_5&Prime; _builder_version=\u00a0\u00bb4.14.0&Prime; _module_preset=\u00a0\u00bbdefault\u00a0\u00bb global_colors_info=\u00a0\u00bb{}\u00a0\u00bb][et_pb_text _builder_version=\u00a0\u00bb4.14.4&Prime; _module_preset=\u00a0\u00bbdefault\u00a0\u00bb global_colors_info=\u00a0\u00bb{}\u00a0\u00bb]<\/p>\n<div class=\"wpforms-container wpforms-container-full\" id=\"wpforms-1747\"><form id=\"wpforms-form-1747\" class=\"wpforms-validate wpforms-form wpforms-ajax-form\" data-formid=\"1747\" method=\"post\" enctype=\"multipart\/form-data\" action=\"\/fr\/wp-json\/wp\/v2\/pages\/833\" data-token=\"ffef902ff2131c736087295f68a3b864\" data-token-time=\"1776397559\"><noscript class=\"wpforms-error-noscript\">Veuillez activer JavaScript dans votre navigateur pour remplir ce formulaire.<\/noscript><div class=\"wpforms-field-container\"><div id=\"wpforms-1747-field_3-container\" class=\"wpforms-field wpforms-field-text\" data-field-id=\"3\"><label class=\"wpforms-field-label\" for=\"wpforms-1747-field_3\">Votre nom <span class=\"wpforms-required-label\">*<\/span><\/label><input type=\"text\" id=\"wpforms-1747-field_3\" class=\"wpforms-field-large wpforms-field-required\" name=\"wpforms[fields][3]\" required><\/div><div id=\"wpforms-1747-field_1-container\" class=\"wpforms-field wpforms-field-email\" data-field-id=\"1\"><label class=\"wpforms-field-label\" for=\"wpforms-1747-field_1\">Votre email  <span class=\"wpforms-required-label\">*<\/span><\/label><input type=\"email\" id=\"wpforms-1747-field_1\" class=\"wpforms-field-large wpforms-field-required\" name=\"wpforms[fields][1]\" spellcheck=\"false\" required><\/div><div id=\"wpforms-1747-field_4-container\" class=\"wpforms-field wpforms-field-text\" data-field-id=\"4\"><label class=\"wpforms-field-label\" for=\"wpforms-1747-field_4\">Sujet<\/label><input type=\"text\" id=\"wpforms-1747-field_4\" class=\"wpforms-field-large\" name=\"wpforms[fields][4]\" ><\/div><div id=\"wpforms-1747-field_2-container\" class=\"wpforms-field wpforms-field-textarea\" data-field-id=\"2\"><label class=\"wpforms-field-label\" for=\"wpforms-1747-field_2\">Votre message<\/label><textarea id=\"wpforms-1747-field_2\" class=\"wpforms-field-medium\" name=\"wpforms[fields][2]\" ><\/textarea><\/div><\/div><!-- .wpforms-field-container --><div class=\"wpforms-submit-container\" ><input type=\"hidden\" name=\"wpforms[id]\" value=\"1747\"><input type=\"hidden\" name=\"page_title\" value=\"\"><input type=\"hidden\" name=\"page_url\" value=\"https:\/\/bangkokbybike.com\/fr\/wp-json\/wp\/v2\/pages\/833\"><input type=\"hidden\" name=\"url_referer\" value=\"\"><button type=\"submit\" name=\"wpforms[submit]\" id=\"wpforms-submit-1747\" class=\"wpforms-submit\" data-alt-text=\"Envoi en cours...\" data-submit-text=\"Envoyez\" aria-live=\"assertive\" value=\"wpforms-submit\">Envoyez<\/button><img loading=\"lazy\" decoding=\"async\" src=\"https:\/\/bangkokbybike.com\/wp-content\/plugins\/wpforms-lite\/assets\/images\/submit-spin.svg\" class=\"wpforms-submit-spinner\" style=\"display: none;\" width=\"26\" height=\"26\" alt=\"Chargement en cours\"><\/div><\/form><\/div>  <!-- .wpforms-container -->\n<p>[\/et_pb_text][\/et_pb_column][\/et_pb_row][\/et_pb_section][et_pb_section fb_built=\u00a0\u00bb1&Prime; custom_padding_last_edited=\u00a0\u00bbon|phone\u00a0\u00bb module_id=\u00a0\u00bbmap\u00a0\u00bb _builder_version=\u00a0\u00bb4.14.2&Prime; _module_preset=\u00a0\u00bbdefault\u00a0\u00bb custom_padding=\u00a0\u00bb60px||60px||true|false\u00a0\u00bb custom_padding_tablet=\u00a0\u00bb40px||40px||false|false\u00a0\u00bb custom_padding_phone=\u00a0\u00bb||30px||false|false\u00a0\u00bb border_width_top=\u00a0\u00bb2px\u00a0\u00bb border_color_top=\u00a0\u00bb#FDC966&Prime; global_colors_info=\u00a0\u00bb{}\u00a0\u00bb][et_pb_row use_custom_gutter=\u00a0\u00bbon\u00a0\u00bb gutter_width=\u00a0\u00bb2&Prime; _builder_version=\u00a0\u00bb4.14.2&Prime; _module_preset=\u00a0\u00bbdefault\u00a0\u00bb max_width=\u00a0\u00bb1200px\u00a0\u00bb custom_margin=\u00a0\u00bb0px||0px||false|false\u00a0\u00bb custom_padding=\u00a0\u00bb0px||0px||false|false\u00a0\u00bb global_colors_info=\u00a0\u00bb{}\u00a0\u00bb][et_pb_column type=\u00a0\u00bb4_4&Prime; _builder_version=\u00a0\u00bb4.14.0&Prime; _module_preset=\u00a0\u00bbdefault\u00a0\u00bb global_colors_info=\u00a0\u00bb{}\u00a0\u00bb][et_pb_text _builder_version=\u00a0\u00bb4.14.2&Prime; _module_preset=\u00a0\u00bbdefault\u00a0\u00bb header_2_font_size=\u00a0\u00bb28px\u00a0\u00bb custom_padding=\u00a0\u00bb||3px||false|false\u00a0\u00bb global_colors_info=\u00a0\u00bb{}\u00a0\u00bb]<\/p>\n<h1>Plan<\/h1>\n<p>[\/et_pb_text][\/et_pb_column][\/et_pb_row][et_pb_row column_structure=\u00a0\u00bb1_2,1_2&Prime; use_custom_gutter=\u00a0\u00bbon\u00a0\u00bb gutter_width=\u00a0\u00bb2&Prime; _builder_version=\u00a0\u00bb4.14.2&Prime; _module_preset=\u00a0\u00bbdefault\u00a0\u00bb max_width=\u00a0\u00bb1200px\u00a0\u00bb custom_margin=\u00a0\u00bb0px||0px||false|false\u00a0\u00bb custom_padding=\u00a0\u00bb0px||0px||false|false\u00a0\u00bb global_colors_info=\u00a0\u00bb{}\u00a0\u00bb][et_pb_column type=\u00a0\u00bb1_2&Prime; _builder_version=\u00a0\u00bb4.14.0&Prime; _module_preset=\u00a0\u00bbdefault\u00a0\u00bb global_colors_info=\u00a0\u00bb{}\u00a0\u00bb][et_pb_text _builder_version=\u00a0\u00bb4.14.2&Prime; _module_preset=\u00a0\u00bbdefault\u00a0\u00bb header_2_font_size=\u00a0\u00bb28px\u00a0\u00bb custom_padding=\u00a0\u00bb||40px||false|false\u00a0\u00bb custom_padding_tablet=\u00a0\u00bb||0px||false|false\u00a0\u00bb custom_padding_phone=\u00a0\u00bb||0px||false|false\u00a0\u00bb custom_padding_last_edited=\u00a0\u00bbon|phone\u00a0\u00bb global_colors_info=\u00a0\u00bb{}\u00a0\u00bb]<\/p>\n<p>Il est relativement facile de trouver notre bureau.<\/p>\n<p><strong>Le taxi<\/strong> n\u2019est pas cher et est un moyen de transport fiable. Grab Taxi est le plus simple. Lorsque vous prenez le taxi, vous pouvez lui indiquer que votre destination se trouve tout pr\u00e8s du centre commercial PATA (pratiquement en face du centre commercial sur le c\u00f4t\u00e9 de la rue oppos\u00e9 \u00e0 celui-ci), sur le c\u00f4t\u00e9 ouest de la rivi\u00e8re, Vous pouvez clairement apercevoir le logo de notre soci\u00e9t\u00e9 sur la fa\u00e7ade de la maison depuis la rue principale. Entrer dans la rue (soi 17), le bureau se trouve \u00e0 environ 30 m\u00e8tres. Jetez un \u0153il au plan ci-dessous pour avoir un meilleur aper\u00e7u. Si vous venez en taxi, assurez-vous que le chauffeur a mis son compteur en marche. S\u2019il ne le met pas en marche, vous devrez n\u00e9gocier un prix fixe qui sera forc\u00e9ment plus cher.<\/p>\n<p><strong>Nous vous conseillons d\u2019\u00e9viter de prendre un tuk-tuk.<\/strong> \u2013 vous entrez facilement dans des probl\u00e8mes en les utilisant.<\/p>\n<p>[\/et_pb_text][\/et_pb_column][et_pb_column type=\u00a0\u00bb1_2&Prime; _builder_version=\u00a0\u00bb4.14.0&Prime; _module_preset=\u00a0\u00bbdefault\u00a0\u00bb global_colors_info=\u00a0\u00bb{}\u00a0\u00bb][et_pb_text _builder_version=\u00a0\u00bb4.14.2&Prime; _module_preset=\u00a0\u00bbdefault\u00a0\u00bb header_2_font_size=\u00a0\u00bb28px\u00a0\u00bb custom_padding=\u00a0\u00bb||40px||false|false\u00a0\u00bb global_colors_info=\u00a0\u00bb{}\u00a0\u00bb]<\/p>\n<p><strong>Pick up\/drop off:<\/strong> Nous proposons une prise en charge \u00e0 votre h\u00f4tel, ce qui est tr\u00e8s pratique, mais plus cher.<\/p>\n<p><strong>M\u00e9tro (MRT):<\/strong> Ligne bleue \u00e0 la station de m\u00e9tro BL05 Bang Yi Khan. Un peu plus de 1 km de marche (10-15 minutes) \u00e0 partir de l\u00e0.<\/p>\n<p><strong>Ferry:<\/strong> Comme alternative, vous pouvez prendre le ferry (Chao Phraya expressboat), si vous restez le long de la rivi\u00e8re. Dans ce cas, prenez la ligne de ferry jaune ou orange (vous pouvez apercevoir la couleur de la ligne gr\u00e2ce au drapeau se trouvant sur le bateau) et descendez au quai n\u00b012, Phra Pin Klao Bridge. <strong>Depuis le quai n\u00b0 12<\/strong>, c&rsquo;est 1km \u00e0 pied, environ 10-15 minutes. Jetez un \u0153il \u00e0 la carte ci-dessous.<\/p>\n<p>[\/et_pb_text][\/et_pb_column][\/et_pb_row][et_pb_row _builder_version=\u00a0\u00bb4.14.2&Prime; _module_preset=\u00a0\u00bbdefault\u00a0\u00bb width=\u00a0\u00bb100%\u00a0\u00bb max_width=\u00a0\u00bb100%\u00a0\u00bb custom_margin=\u00a0\u00bb0px||0px||false|false\u00a0\u00bb custom_padding=\u00a0\u00bb0px||0px||false|false\u00a0\u00bb global_colors_info=\u00a0\u00bb{}\u00a0\u00bb][et_pb_column type=\u00a0\u00bb4_4&Prime; _builder_version=\u00a0\u00bb4.14.0&Prime; _module_preset=\u00a0\u00bbdefault\u00a0\u00bb global_colors_info=\u00a0\u00bb{}\u00a0\u00bb][et_pb_code _builder_version=\u00a0\u00bb4.14.2&Prime; _module_preset=\u00a0\u00bbdefault\u00a0\u00bb global_colors_info=\u00a0\u00bb{}\u00a0\u00bb]<iframe src=\"https:\/\/www.google.com\/maps\/embed?pb=!1m18!1m12!1m3!1d3875.1504371335277!2d100.48186841533928!3d13.769799990335834!2m3!1f0!2f0!3f0!3m2!1i1024!2i768!4f13.1!3m3!1m2!1s0x30e29975d5a1a647%3A0xd903ed7c5c35794f!2sBangkok%20By%20Bike!5e0!3m2!1ssv!2sth!4v1638344662077!5m2!1ssv!2sth\" width=\"100%\" height=\"600\" style=\"border:0;\" allowfullscreen=\"\" loading=\"lazy\"><\/iframe>[\/et_pb_code][\/et_pb_column][\/et_pb_row][\/et_pb_section]<\/p>\n","protected":false},"excerpt":{"rendered":"<p>Visites guid\u00e9es \u00e0 v\u00e9lo \u00e0 Bangkok. D\u00e9couvrez et apprenez-en plus sur le mode de vie et la culture. Repartez avec des souvenirs inoubliables.<\/p>\n","protected":false},"author":1,"featured_media":1533,"parent":0,"menu_order":0,"comment_status":"closed","ping_status":"closed","template":"","meta":{"_et_pb_use_builder":"on","_et_pb_old_content":"","_et_gb_content_width":"","footnotes":""},"class_list":["post-833","page","type-page","status-publish","has-post-thumbnail","hentry"],"yoast_head":"<!-- This site is optimized with the Yoast SEO plugin v27.4 - https:\/\/yoast.com\/product\/yoast-seo-wordpress\/ -->\n<title>Contactez-nous - Bangkok By Bike<\/title>\n<meta name=\"description\" content=\"Visites guid\u00e9es \u00e0 v\u00e9lo \u00e0 Bangkok. D\u00e9couvrez et apprenez-en plus sur le mode de vie et la culture. Repartez avec des souvenirs inoubliables.\" \/>\n<meta name=\"robots\" content=\"index, follow, max-snippet:-1, max-image-preview:large, max-video-preview:-1\" \/>\n<link rel=\"canonical\" href=\"https:\/\/bangkokbybike.com\/fr\/contact\/\" \/>\n<meta property=\"og:locale\" content=\"fr_FR\" \/>\n<meta property=\"og:type\" content=\"article\" \/>\n<meta property=\"og:title\" content=\"Contactez-nous - Bangkok By Bike\" \/>\n<meta property=\"og:description\" content=\"Visites guid\u00e9es \u00e0 v\u00e9lo \u00e0 Bangkok. D\u00e9couvrez et apprenez-en plus sur le mode de vie et la culture. Repartez avec des souvenirs inoubliables.\" \/>\n<meta property=\"og:url\" content=\"https:\/\/bangkokbybike.com\/fr\/contact\/\" \/>\n<meta property=\"og:site_name\" content=\"Bangkok By Bike\" \/>\n<meta property=\"article:publisher\" content=\"https:\/\/www.facebook.com\/bangkokbybike\" \/>\n<meta property=\"article:modified_time\" content=\"2021-12-21T04:58:35+00:00\" \/>\n<meta property=\"og:image\" content=\"https:\/\/bangkokbybike.com\/wp-content\/uploads\/2021\/12\/og.jpg\" \/>\n\t<meta property=\"og:image:width\" content=\"1200\" \/>\n\t<meta property=\"og:image:height\" content=\"630\" \/>\n\t<meta property=\"og:image:type\" content=\"image\/jpeg\" \/>\n<meta name=\"twitter:card\" content=\"summary_large_image\" \/>\n<meta name=\"twitter:label1\" content=\"Dur\u00e9e de lecture estim\u00e9e\" \/>\n\t<meta name=\"twitter:data1\" content=\"4 minutes\" \/>\n<script type=\"application\/ld+json\" class=\"yoast-schema-graph\">{\"@context\":\"https:\\\/\\\/schema.org\",\"@graph\":[{\"@type\":\"WebPage\",\"@id\":\"https:\\\/\\\/bangkokbybike.com\\\/fr\\\/contact\\\/\",\"url\":\"https:\\\/\\\/bangkokbybike.com\\\/fr\\\/contact\\\/\",\"name\":\"Contactez-nous - Bangkok By Bike\",\"isPartOf\":{\"@id\":\"https:\\\/\\\/bangkokbybike.com\\\/fr\\\/#website\"},\"primaryImageOfPage\":{\"@id\":\"https:\\\/\\\/bangkokbybike.com\\\/fr\\\/contact\\\/#primaryimage\"},\"image\":{\"@id\":\"https:\\\/\\\/bangkokbybike.com\\\/fr\\\/contact\\\/#primaryimage\"},\"thumbnailUrl\":\"https:\\\/\\\/bangkokbybike.com\\\/wp-content\\\/uploads\\\/2021\\\/12\\\/og.jpg\",\"datePublished\":\"2021-11-23T07:17:11+00:00\",\"dateModified\":\"2021-12-21T04:58:35+00:00\",\"description\":\"Visites guid\u00e9es \u00e0 v\u00e9lo \u00e0 Bangkok. D\u00e9couvrez et apprenez-en plus sur le mode de vie et la culture. Repartez avec des souvenirs inoubliables.\",\"breadcrumb\":{\"@id\":\"https:\\\/\\\/bangkokbybike.com\\\/fr\\\/contact\\\/#breadcrumb\"},\"inLanguage\":\"fr-FR\",\"potentialAction\":[{\"@type\":\"ReadAction\",\"target\":[\"https:\\\/\\\/bangkokbybike.com\\\/fr\\\/contact\\\/\"]}]},{\"@type\":\"ImageObject\",\"inLanguage\":\"fr-FR\",\"@id\":\"https:\\\/\\\/bangkokbybike.com\\\/fr\\\/contact\\\/#primaryimage\",\"url\":\"https:\\\/\\\/bangkokbybike.com\\\/wp-content\\\/uploads\\\/2021\\\/12\\\/og.jpg\",\"contentUrl\":\"https:\\\/\\\/bangkokbybike.com\\\/wp-content\\\/uploads\\\/2021\\\/12\\\/og.jpg\",\"width\":1200,\"height\":630},{\"@type\":\"BreadcrumbList\",\"@id\":\"https:\\\/\\\/bangkokbybike.com\\\/fr\\\/contact\\\/#breadcrumb\",\"itemListElement\":[{\"@type\":\"ListItem\",\"position\":1,\"name\":\"Home\",\"item\":\"https:\\\/\\\/bangkokbybike.com\\\/fr\\\/\"},{\"@type\":\"ListItem\",\"position\":2,\"name\":\"Contactez-nous\"}]},{\"@type\":\"WebSite\",\"@id\":\"https:\\\/\\\/bangkokbybike.com\\\/fr\\\/#website\",\"url\":\"https:\\\/\\\/bangkokbybike.com\\\/fr\\\/\",\"name\":\"Bangkok By Bike\",\"description\":\"Guided Biking Tours in Bangkok\",\"publisher\":{\"@id\":\"https:\\\/\\\/bangkokbybike.com\\\/fr\\\/#organization\"},\"potentialAction\":[{\"@type\":\"SearchAction\",\"target\":{\"@type\":\"EntryPoint\",\"urlTemplate\":\"https:\\\/\\\/bangkokbybike.com\\\/fr\\\/?s={search_term_string}\"},\"query-input\":{\"@type\":\"PropertyValueSpecification\",\"valueRequired\":true,\"valueName\":\"search_term_string\"}}],\"inLanguage\":\"fr-FR\"},{\"@type\":\"Organization\",\"@id\":\"https:\\\/\\\/bangkokbybike.com\\\/fr\\\/#organization\",\"name\":\"Bangkok By Bike\",\"url\":\"https:\\\/\\\/bangkokbybike.com\\\/fr\\\/\",\"logo\":{\"@type\":\"ImageObject\",\"inLanguage\":\"fr-FR\",\"@id\":\"https:\\\/\\\/bangkokbybike.com\\\/fr\\\/#\\\/schema\\\/logo\\\/image\\\/\",\"url\":\"https:\\\/\\\/bangkokbybike.com\\\/wp-content\\\/uploads\\\/2021\\\/12\\\/logo-black.png\",\"contentUrl\":\"https:\\\/\\\/bangkokbybike.com\\\/wp-content\\\/uploads\\\/2021\\\/12\\\/logo-black.png\",\"width\":572,\"height\":84,\"caption\":\"Bangkok By Bike\"},\"image\":{\"@id\":\"https:\\\/\\\/bangkokbybike.com\\\/fr\\\/#\\\/schema\\\/logo\\\/image\\\/\"},\"sameAs\":[\"https:\\\/\\\/www.facebook.com\\\/bangkokbybike\"]}]}<\/script>\n<!-- \/ Yoast SEO plugin. -->","yoast_head_json":{"title":"Contactez-nous - Bangkok By Bike","description":"Visites guid\u00e9es \u00e0 v\u00e9lo \u00e0 Bangkok. D\u00e9couvrez et apprenez-en plus sur le mode de vie et la culture. Repartez avec des souvenirs inoubliables.","robots":{"index":"index","follow":"follow","max-snippet":"max-snippet:-1","max-image-preview":"max-image-preview:large","max-video-preview":"max-video-preview:-1"},"canonical":"https:\/\/bangkokbybike.com\/fr\/contact\/","og_locale":"fr_FR","og_type":"article","og_title":"Contactez-nous - Bangkok By Bike","og_description":"Visites guid\u00e9es \u00e0 v\u00e9lo \u00e0 Bangkok. D\u00e9couvrez et apprenez-en plus sur le mode de vie et la culture. Repartez avec des souvenirs inoubliables.","og_url":"https:\/\/bangkokbybike.com\/fr\/contact\/","og_site_name":"Bangkok By Bike","article_publisher":"https:\/\/www.facebook.com\/bangkokbybike","article_modified_time":"2021-12-21T04:58:35+00:00","og_image":[{"width":1200,"height":630,"url":"https:\/\/bangkokbybike.com\/wp-content\/uploads\/2021\/12\/og.jpg","type":"image\/jpeg"}],"twitter_card":"summary_large_image","twitter_misc":{"Dur\u00e9e de lecture estim\u00e9e":"4 minutes"},"schema":{"@context":"https:\/\/schema.org","@graph":[{"@type":"WebPage","@id":"https:\/\/bangkokbybike.com\/fr\/contact\/","url":"https:\/\/bangkokbybike.com\/fr\/contact\/","name":"Contactez-nous - Bangkok By Bike","isPartOf":{"@id":"https:\/\/bangkokbybike.com\/fr\/#website"},"primaryImageOfPage":{"@id":"https:\/\/bangkokbybike.com\/fr\/contact\/#primaryimage"},"image":{"@id":"https:\/\/bangkokbybike.com\/fr\/contact\/#primaryimage"},"thumbnailUrl":"https:\/\/bangkokbybike.com\/wp-content\/uploads\/2021\/12\/og.jpg","datePublished":"2021-11-23T07:17:11+00:00","dateModified":"2021-12-21T04:58:35+00:00","description":"Visites guid\u00e9es \u00e0 v\u00e9lo \u00e0 Bangkok. D\u00e9couvrez et apprenez-en plus sur le mode de vie et la culture. Repartez avec des souvenirs inoubliables.","breadcrumb":{"@id":"https:\/\/bangkokbybike.com\/fr\/contact\/#breadcrumb"},"inLanguage":"fr-FR","potentialAction":[{"@type":"ReadAction","target":["https:\/\/bangkokbybike.com\/fr\/contact\/"]}]},{"@type":"ImageObject","inLanguage":"fr-FR","@id":"https:\/\/bangkokbybike.com\/fr\/contact\/#primaryimage","url":"https:\/\/bangkokbybike.com\/wp-content\/uploads\/2021\/12\/og.jpg","contentUrl":"https:\/\/bangkokbybike.com\/wp-content\/uploads\/2021\/12\/og.jpg","width":1200,"height":630},{"@type":"BreadcrumbList","@id":"https:\/\/bangkokbybike.com\/fr\/contact\/#breadcrumb","itemListElement":[{"@type":"ListItem","position":1,"name":"Home","item":"https:\/\/bangkokbybike.com\/fr\/"},{"@type":"ListItem","position":2,"name":"Contactez-nous"}]},{"@type":"WebSite","@id":"https:\/\/bangkokbybike.com\/fr\/#website","url":"https:\/\/bangkokbybike.com\/fr\/","name":"Bangkok By Bike","description":"Guided Biking Tours in Bangkok","publisher":{"@id":"https:\/\/bangkokbybike.com\/fr\/#organization"},"potentialAction":[{"@type":"SearchAction","target":{"@type":"EntryPoint","urlTemplate":"https:\/\/bangkokbybike.com\/fr\/?s={search_term_string}"},"query-input":{"@type":"PropertyValueSpecification","valueRequired":true,"valueName":"search_term_string"}}],"inLanguage":"fr-FR"},{"@type":"Organization","@id":"https:\/\/bangkokbybike.com\/fr\/#organization","name":"Bangkok By Bike","url":"https:\/\/bangkokbybike.com\/fr\/","logo":{"@type":"ImageObject","inLanguage":"fr-FR","@id":"https:\/\/bangkokbybike.com\/fr\/#\/schema\/logo\/image\/","url":"https:\/\/bangkokbybike.com\/wp-content\/uploads\/2021\/12\/logo-black.png","contentUrl":"https:\/\/bangkokbybike.com\/wp-content\/uploads\/2021\/12\/logo-black.png","width":572,"height":84,"caption":"Bangkok By Bike"},"image":{"@id":"https:\/\/bangkokbybike.com\/fr\/#\/schema\/logo\/image\/"},"sameAs":["https:\/\/www.facebook.com\/bangkokbybike"]}]}},"_links":{"self":[{"href":"https:\/\/bangkokbybike.com\/fr\/wp-json\/wp\/v2\/pages\/833","targetHints":{"allow":["GET"]}}],"collection":[{"href":"https:\/\/bangkokbybike.com\/fr\/wp-json\/wp\/v2\/pages"}],"about":[{"href":"https:\/\/bangkokbybike.com\/fr\/wp-json\/wp\/v2\/types\/page"}],"author":[{"embeddable":true,"href":"https:\/\/bangkokbybike.com\/fr\/wp-json\/wp\/v2\/users\/1"}],"replies":[{"embeddable":true,"href":"https:\/\/bangkokbybike.com\/fr\/wp-json\/wp\/v2\/comments?post=833"}],"version-history":[{"count":0,"href":"https:\/\/bangkokbybike.com\/fr\/wp-json\/wp\/v2\/pages\/833\/revisions"}],"wp:featuredmedia":[{"embeddable":true,"href":"https:\/\/bangkokbybike.com\/fr\/wp-json\/wp\/v2\/media\/1533"}],"wp:attachment":[{"href":"https:\/\/bangkokbybike.com\/fr\/wp-json\/wp\/v2\/media?parent=833"}],"curies":[{"name":"wp","href":"https:\/\/api.w.org\/{rel}","templated":true}]}}