{"id":826,"date":"2021-11-23T07:17:20","date_gmt":"2021-11-23T07:17:20","guid":{"rendered":"https:\/\/bangkokbybike.com\/news\/"},"modified":"2021-12-20T08:32:50","modified_gmt":"2021-12-20T08:32:50","slug":"news","status":"publish","type":"page","link":"https:\/\/bangkokbybike.com\/fr\/news\/","title":{"rendered":"Nouvelles"},"content":{"rendered":"<p>[et_pb_section fb_built=\u00a0\u00bb1&Prime; custom_padding_last_edited=\u00a0\u00bbon|phone\u00a0\u00bb _builder_version=\u00a0\u00bb4.14.1&Prime; _module_preset=\u00a0\u00bbdefault\u00a0\u00bb custom_padding=\u00a0\u00bb80px||80px||true|false\u00a0\u00bb custom_padding_tablet=\u00a0\u00bb40px||40px||false|false\u00a0\u00bb custom_padding_phone=\u00a0\u00bb||30px||false|false\u00a0\u00bb global_colors_info=\u00a0\u00bb{}\u00a0\u00bb][et_pb_row _builder_version=\u00a0\u00bb4.14.1&Prime; _module_preset=\u00a0\u00bbdefault\u00a0\u00bb max_width=\u00a0\u00bb1200px\u00a0\u00bb custom_margin=\u00a0\u00bb0px||0px||false|false\u00a0\u00bb custom_padding=\u00a0\u00bb0px||0px||false|false\u00a0\u00bb global_colors_info=\u00a0\u00bb{}\u00a0\u00bb][et_pb_column type=\u00a0\u00bb4_4&Prime; _builder_version=\u00a0\u00bb4.14.0&Prime; _module_preset=\u00a0\u00bbdefault\u00a0\u00bb global_colors_info=\u00a0\u00bb{}\u00a0\u00bb][et_pb_text _builder_version=\u00a0\u00bb4.14.2&Prime; _module_preset=\u00a0\u00bbdefault\u00a0\u00bb header_2_font_size=\u00a0\u00bb28px\u00a0\u00bb custom_padding=\u00a0\u00bb||40px||false|false\u00a0\u00bb global_colors_info=\u00a0\u00bb{}\u00a0\u00bb]<\/p>\n<h1>Nouvelles et mises \u00e0 jour<\/h1>\n<p><strong>2021-12-01<\/strong>: \u00c0 partir du 1er d\u00e9cembre, nous fonctionnons \u00e0 nouveau normalement apr\u00e8s une longue interruption due \u00e0 la pand\u00e9mie de Covid.<\/p>\n<p>[\/et_pb_text][\/et_pb_column][\/et_pb_row][\/et_pb_section]<\/p>\n","protected":false},"excerpt":{"rendered":"<p>Visites guid\u00e9es \u00e0 v\u00e9lo \u00e0 Bangkok. D\u00e9couvrez et apprenez-en plus sur le mode de vie et la culture. Repartez avec des souvenirs inoubliables.<\/p>\n","protected":false},"author":1,"featured_media":1533,"parent":0,"menu_order":0,"comment_status":"closed","ping_status":"closed","template":"","meta":{"_et_pb_use_builder":"on","_et_pb_old_content":"","_et_gb_content_width":"","footnotes":""},"class_list":["post-826","page","type-page","status-publish","has-post-thumbnail","hentry"],"yoast_head":"<!-- This site is optimized with the Yoast SEO plugin v27.3 - https:\/\/yoast.com\/product\/yoast-seo-wordpress\/ -->\n<title>Nouvelles - Bangkok By Bike<\/title>\n<meta name=\"description\" content=\"Visites guid\u00e9es \u00e0 v\u00e9lo \u00e0 Bangkok. D\u00e9couvrez et apprenez-en plus sur le mode de vie et la culture. Repartez avec des souvenirs inoubliables.\" \/>\n<meta name=\"robots\" content=\"index, follow, max-snippet:-1, max-image-preview:large, max-video-preview:-1\" \/>\n<link rel=\"canonical\" href=\"https:\/\/bangkokbybike.com\/fr\/news\/\" \/>\n<meta property=\"og:locale\" content=\"fr_FR\" \/>\n<meta property=\"og:type\" content=\"article\" \/>\n<meta property=\"og:title\" content=\"Nouvelles - Bangkok By Bike\" \/>\n<meta property=\"og:description\" content=\"Visites guid\u00e9es \u00e0 v\u00e9lo \u00e0 Bangkok. D\u00e9couvrez et apprenez-en plus sur le mode de vie et la culture. Repartez avec des souvenirs inoubliables.\" \/>\n<meta property=\"og:url\" content=\"https:\/\/bangkokbybike.com\/fr\/news\/\" \/>\n<meta property=\"og:site_name\" content=\"Bangkok By Bike\" \/>\n<meta property=\"article:publisher\" content=\"https:\/\/www.facebook.com\/bangkokbybike\" \/>\n<meta property=\"article:modified_time\" content=\"2021-12-20T08:32:50+00:00\" \/>\n<meta property=\"og:image\" content=\"https:\/\/bangkokbybike.com\/wp-content\/uploads\/2021\/12\/og.jpg\" \/>\n\t<meta property=\"og:image:width\" content=\"1200\" \/>\n\t<meta property=\"og:image:height\" content=\"630\" \/>\n\t<meta property=\"og:image:type\" content=\"image\/jpeg\" \/>\n<meta name=\"twitter:card\" content=\"summary_large_image\" \/>\n<meta name=\"twitter:label1\" content=\"Dur\u00e9e de lecture estim\u00e9e\" \/>\n\t<meta name=\"twitter:data1\" content=\"1 minute\" \/>\n<script type=\"application\/ld+json\" class=\"yoast-schema-graph\">{\"@context\":\"https:\\\/\\\/schema.org\",\"@graph\":[{\"@type\":\"WebPage\",\"@id\":\"https:\\\/\\\/bangkokbybike.com\\\/fr\\\/news\\\/\",\"url\":\"https:\\\/\\\/bangkokbybike.com\\\/fr\\\/news\\\/\",\"name\":\"Nouvelles - Bangkok By Bike\",\"isPartOf\":{\"@id\":\"https:\\\/\\\/bangkokbybike.com\\\/fr\\\/#website\"},\"primaryImageOfPage\":{\"@id\":\"https:\\\/\\\/bangkokbybike.com\\\/fr\\\/news\\\/#primaryimage\"},\"image\":{\"@id\":\"https:\\\/\\\/bangkokbybike.com\\\/fr\\\/news\\\/#primaryimage\"},\"thumbnailUrl\":\"https:\\\/\\\/bangkokbybike.com\\\/wp-content\\\/uploads\\\/2021\\\/12\\\/og.jpg\",\"datePublished\":\"2021-11-23T07:17:20+00:00\",\"dateModified\":\"2021-12-20T08:32:50+00:00\",\"description\":\"Visites guid\u00e9es \u00e0 v\u00e9lo \u00e0 Bangkok. D\u00e9couvrez et apprenez-en plus sur le mode de vie et la culture. Repartez avec des souvenirs inoubliables.\",\"breadcrumb\":{\"@id\":\"https:\\\/\\\/bangkokbybike.com\\\/fr\\\/news\\\/#breadcrumb\"},\"inLanguage\":\"fr-FR\",\"potentialAction\":[{\"@type\":\"ReadAction\",\"target\":[\"https:\\\/\\\/bangkokbybike.com\\\/fr\\\/news\\\/\"]}]},{\"@type\":\"ImageObject\",\"inLanguage\":\"fr-FR\",\"@id\":\"https:\\\/\\\/bangkokbybike.com\\\/fr\\\/news\\\/#primaryimage\",\"url\":\"https:\\\/\\\/bangkokbybike.com\\\/wp-content\\\/uploads\\\/2021\\\/12\\\/og.jpg\",\"contentUrl\":\"https:\\\/\\\/bangkokbybike.com\\\/wp-content\\\/uploads\\\/2021\\\/12\\\/og.jpg\",\"width\":1200,\"height\":630},{\"@type\":\"BreadcrumbList\",\"@id\":\"https:\\\/\\\/bangkokbybike.com\\\/fr\\\/news\\\/#breadcrumb\",\"itemListElement\":[{\"@type\":\"ListItem\",\"position\":1,\"name\":\"Home\",\"item\":\"https:\\\/\\\/bangkokbybike.com\\\/fr\\\/\"},{\"@type\":\"ListItem\",\"position\":2,\"name\":\"Nouvelles\"}]},{\"@type\":\"WebSite\",\"@id\":\"https:\\\/\\\/bangkokbybike.com\\\/fr\\\/#website\",\"url\":\"https:\\\/\\\/bangkokbybike.com\\\/fr\\\/\",\"name\":\"Bangkok By Bike\",\"description\":\"Guided Biking Tours in Bangkok\",\"publisher\":{\"@id\":\"https:\\\/\\\/bangkokbybike.com\\\/fr\\\/#organization\"},\"potentialAction\":[{\"@type\":\"SearchAction\",\"target\":{\"@type\":\"EntryPoint\",\"urlTemplate\":\"https:\\\/\\\/bangkokbybike.com\\\/fr\\\/?s={search_term_string}\"},\"query-input\":{\"@type\":\"PropertyValueSpecification\",\"valueRequired\":true,\"valueName\":\"search_term_string\"}}],\"inLanguage\":\"fr-FR\"},{\"@type\":\"Organization\",\"@id\":\"https:\\\/\\\/bangkokbybike.com\\\/fr\\\/#organization\",\"name\":\"Bangkok By Bike\",\"url\":\"https:\\\/\\\/bangkokbybike.com\\\/fr\\\/\",\"logo\":{\"@type\":\"ImageObject\",\"inLanguage\":\"fr-FR\",\"@id\":\"https:\\\/\\\/bangkokbybike.com\\\/fr\\\/#\\\/schema\\\/logo\\\/image\\\/\",\"url\":\"https:\\\/\\\/bangkokbybike.com\\\/wp-content\\\/uploads\\\/2021\\\/12\\\/logo-black.png\",\"contentUrl\":\"https:\\\/\\\/bangkokbybike.com\\\/wp-content\\\/uploads\\\/2021\\\/12\\\/logo-black.png\",\"width\":572,\"height\":84,\"caption\":\"Bangkok By Bike\"},\"image\":{\"@id\":\"https:\\\/\\\/bangkokbybike.com\\\/fr\\\/#\\\/schema\\\/logo\\\/image\\\/\"},\"sameAs\":[\"https:\\\/\\\/www.facebook.com\\\/bangkokbybike\"]}]}<\/script>\n<!-- \/ Yoast SEO plugin. -->","yoast_head_json":{"title":"Nouvelles - Bangkok By Bike","description":"Visites guid\u00e9es \u00e0 v\u00e9lo \u00e0 Bangkok. D\u00e9couvrez et apprenez-en plus sur le mode de vie et la culture. Repartez avec des souvenirs inoubliables.","robots":{"index":"index","follow":"follow","max-snippet":"max-snippet:-1","max-image-preview":"max-image-preview:large","max-video-preview":"max-video-preview:-1"},"canonical":"https:\/\/bangkokbybike.com\/fr\/news\/","og_locale":"fr_FR","og_type":"article","og_title":"Nouvelles - Bangkok By Bike","og_description":"Visites guid\u00e9es \u00e0 v\u00e9lo \u00e0 Bangkok. D\u00e9couvrez et apprenez-en plus sur le mode de vie et la culture. Repartez avec des souvenirs inoubliables.","og_url":"https:\/\/bangkokbybike.com\/fr\/news\/","og_site_name":"Bangkok By Bike","article_publisher":"https:\/\/www.facebook.com\/bangkokbybike","article_modified_time":"2021-12-20T08:32:50+00:00","og_image":[{"width":1200,"height":630,"url":"https:\/\/bangkokbybike.com\/wp-content\/uploads\/2021\/12\/og.jpg","type":"image\/jpeg"}],"twitter_card":"summary_large_image","twitter_misc":{"Dur\u00e9e de lecture estim\u00e9e":"1 minute"},"schema":{"@context":"https:\/\/schema.org","@graph":[{"@type":"WebPage","@id":"https:\/\/bangkokbybike.com\/fr\/news\/","url":"https:\/\/bangkokbybike.com\/fr\/news\/","name":"Nouvelles - Bangkok By Bike","isPartOf":{"@id":"https:\/\/bangkokbybike.com\/fr\/#website"},"primaryImageOfPage":{"@id":"https:\/\/bangkokbybike.com\/fr\/news\/#primaryimage"},"image":{"@id":"https:\/\/bangkokbybike.com\/fr\/news\/#primaryimage"},"thumbnailUrl":"https:\/\/bangkokbybike.com\/wp-content\/uploads\/2021\/12\/og.jpg","datePublished":"2021-11-23T07:17:20+00:00","dateModified":"2021-12-20T08:32:50+00:00","description":"Visites guid\u00e9es \u00e0 v\u00e9lo \u00e0 Bangkok. D\u00e9couvrez et apprenez-en plus sur le mode de vie et la culture. Repartez avec des souvenirs inoubliables.","breadcrumb":{"@id":"https:\/\/bangkokbybike.com\/fr\/news\/#breadcrumb"},"inLanguage":"fr-FR","potentialAction":[{"@type":"ReadAction","target":["https:\/\/bangkokbybike.com\/fr\/news\/"]}]},{"@type":"ImageObject","inLanguage":"fr-FR","@id":"https:\/\/bangkokbybike.com\/fr\/news\/#primaryimage","url":"https:\/\/bangkokbybike.com\/wp-content\/uploads\/2021\/12\/og.jpg","contentUrl":"https:\/\/bangkokbybike.com\/wp-content\/uploads\/2021\/12\/og.jpg","width":1200,"height":630},{"@type":"BreadcrumbList","@id":"https:\/\/bangkokbybike.com\/fr\/news\/#breadcrumb","itemListElement":[{"@type":"ListItem","position":1,"name":"Home","item":"https:\/\/bangkokbybike.com\/fr\/"},{"@type":"ListItem","position":2,"name":"Nouvelles"}]},{"@type":"WebSite","@id":"https:\/\/bangkokbybike.com\/fr\/#website","url":"https:\/\/bangkokbybike.com\/fr\/","name":"Bangkok By Bike","description":"Guided Biking Tours in Bangkok","publisher":{"@id":"https:\/\/bangkokbybike.com\/fr\/#organization"},"potentialAction":[{"@type":"SearchAction","target":{"@type":"EntryPoint","urlTemplate":"https:\/\/bangkokbybike.com\/fr\/?s={search_term_string}"},"query-input":{"@type":"PropertyValueSpecification","valueRequired":true,"valueName":"search_term_string"}}],"inLanguage":"fr-FR"},{"@type":"Organization","@id":"https:\/\/bangkokbybike.com\/fr\/#organization","name":"Bangkok By Bike","url":"https:\/\/bangkokbybike.com\/fr\/","logo":{"@type":"ImageObject","inLanguage":"fr-FR","@id":"https:\/\/bangkokbybike.com\/fr\/#\/schema\/logo\/image\/","url":"https:\/\/bangkokbybike.com\/wp-content\/uploads\/2021\/12\/logo-black.png","contentUrl":"https:\/\/bangkokbybike.com\/wp-content\/uploads\/2021\/12\/logo-black.png","width":572,"height":84,"caption":"Bangkok By Bike"},"image":{"@id":"https:\/\/bangkokbybike.com\/fr\/#\/schema\/logo\/image\/"},"sameAs":["https:\/\/www.facebook.com\/bangkokbybike"]}]}},"_links":{"self":[{"href":"https:\/\/bangkokbybike.com\/fr\/wp-json\/wp\/v2\/pages\/826","targetHints":{"allow":["GET"]}}],"collection":[{"href":"https:\/\/bangkokbybike.com\/fr\/wp-json\/wp\/v2\/pages"}],"about":[{"href":"https:\/\/bangkokbybike.com\/fr\/wp-json\/wp\/v2\/types\/page"}],"author":[{"embeddable":true,"href":"https:\/\/bangkokbybike.com\/fr\/wp-json\/wp\/v2\/users\/1"}],"replies":[{"embeddable":true,"href":"https:\/\/bangkokbybike.com\/fr\/wp-json\/wp\/v2\/comments?post=826"}],"version-history":[{"count":0,"href":"https:\/\/bangkokbybike.com\/fr\/wp-json\/wp\/v2\/pages\/826\/revisions"}],"wp:featuredmedia":[{"embeddable":true,"href":"https:\/\/bangkokbybike.com\/fr\/wp-json\/wp\/v2\/media\/1533"}],"wp:attachment":[{"href":"https:\/\/bangkokbybike.com\/fr\/wp-json\/wp\/v2\/media?parent=826"}],"curies":[{"name":"wp","href":"https:\/\/api.w.org\/{rel}","templated":true}]}}