{"id":834,"date":"2021-11-23T07:17:11","date_gmt":"2021-11-23T07:17:11","guid":{"rendered":"https:\/\/bangkokbybike.com\/contact\/"},"modified":"2021-12-21T04:57:13","modified_gmt":"2021-12-21T04:57:13","slug":"contact","status":"publish","type":"page","link":"https:\/\/bangkokbybike.com\/de\/contact\/","title":{"rendered":"Kontakt"},"content":{"rendered":"<p>[et_pb_section fb_built=&#8220;1&#8243; custom_padding_last_edited=&#8220;on|phone&#8220; _builder_version=&#8220;4.14.1&#8243; _module_preset=&#8220;default&#8220; custom_padding=&#8220;60px||60px||true|false&#8220; custom_padding_tablet=&#8220;40px||40px||false|false&#8220; custom_padding_phone=&#8220;||30px||false|false&#8220; global_colors_info=&#8220;{}&#8220;][et_pb_row column_structure=&#8220;3_5,2_5&#8243; use_custom_gutter=&#8220;on&#8220; gutter_width=&#8220;2&#8243; _builder_version=&#8220;4.14.2&#8243; _module_preset=&#8220;default&#8220; max_width=&#8220;1200px&#8220; custom_margin=&#8220;0px||0px||false|false&#8220; custom_padding=&#8220;0px||0px||false|false&#8220; global_colors_info=&#8220;{}&#8220;][et_pb_column type=&#8220;3_5&#8243; _builder_version=&#8220;4.14.0&#8243; _module_preset=&#8220;default&#8220; global_colors_info=&#8220;{}&#8220;][et_pb_text _builder_version=&#8220;4.14.2&#8243; _module_preset=&#8220;default&#8220; header_2_font_size=&#8220;28px&#8220; custom_padding=&#8220;||40px||false|false&#8220; custom_padding_tablet=&#8220;||20px||false|false&#8220; custom_padding_phone=&#8220;||20px||false|false&#8220; custom_padding_last_edited=&#8220;on|tablet&#8220; global_colors_info=&#8220;{}&#8220;]<\/p>\n<h1>Kontaktiere uns<\/h1>\n<p>Kontaktieren Sie uns gerne \u00fcber das Formular oder senden Sie eine E-Mail.<\/p>\n<p>Unser B\u00fcro befindet sich auf der Westseite des Flusses, ganz in der N\u00e4he der Phra Pin Klao Br\u00fccke. Gegen\u00fcber von Banglamphoo.<\/p>\n<p><strong>Die adresse:<\/strong> 161\/1 Soi 17, Somdetprapinklao Rd, Arun Amarin, Bangkok Noi, 107 00 Bangkok<\/p>\n<p><strong>Telefon:<\/strong> +66(0)2435-9058 (versuche es lieber mit dem Handy unten)<\/p>\n<p><strong>Handy:<\/strong> +66(0)89-520 8947<\/p>\n<p><strong>E-Mail:<\/strong> <span style=\"text-decoration: underline;\"><a href=\"mailto:info@bangkokbybike.com\">info@bangkokbybike.com<\/a><\/span><\/p>\n<p><strong>Webseite:<\/strong> https:\/\/bangkokbybike.com<\/p>\n<p><strong>TAT-lizenz:<\/strong> No:14\/00201<\/p>\n<p>[\/et_pb_text][\/et_pb_column][et_pb_column type=&#8220;2_5&#8243; _builder_version=&#8220;4.14.0&#8243; _module_preset=&#8220;default&#8220; global_colors_info=&#8220;{}&#8220;][et_pb_text _builder_version=&#8220;4.14.4&#8243; _module_preset=&#8220;default&#8220; global_colors_info=&#8220;{}&#8220;]<\/p>\n<div class=\"wpforms-container wpforms-container-full\" id=\"wpforms-1750\"><form id=\"wpforms-form-1750\" class=\"wpforms-validate wpforms-form wpforms-ajax-form\" data-formid=\"1750\" method=\"post\" enctype=\"multipart\/form-data\" action=\"\/de\/wp-json\/wp\/v2\/pages\/834\" data-token=\"0965e86561fafda4c9f2dd658b92bd2a\" data-token-time=\"1776424552\"><noscript class=\"wpforms-error-noscript\">Bitte aktiviere JavaScript in deinem Browser, um dieses Formular fertigzustellen.<\/noscript><div class=\"wpforms-field-container\"><div id=\"wpforms-1750-field_3-container\" class=\"wpforms-field wpforms-field-text\" data-field-id=\"3\"><label class=\"wpforms-field-label\" for=\"wpforms-1750-field_3\">Ihre name <span class=\"wpforms-required-label\">*<\/span><\/label><input type=\"text\" id=\"wpforms-1750-field_3\" class=\"wpforms-field-large wpforms-field-required\" name=\"wpforms[fields][3]\" required><\/div><div id=\"wpforms-1750-field_1-container\" class=\"wpforms-field wpforms-field-email\" data-field-id=\"1\"><label class=\"wpforms-field-label\" for=\"wpforms-1750-field_1\">Ihre Emailadresse <span class=\"wpforms-required-label\">*<\/span><\/label><input type=\"email\" id=\"wpforms-1750-field_1\" class=\"wpforms-field-large wpforms-field-required\" name=\"wpforms[fields][1]\" spellcheck=\"false\" required><\/div><div id=\"wpforms-1750-field_4-container\" class=\"wpforms-field wpforms-field-text\" data-field-id=\"4\"><label class=\"wpforms-field-label\" for=\"wpforms-1750-field_4\">Gegenstand<\/label><input type=\"text\" id=\"wpforms-1750-field_4\" class=\"wpforms-field-large\" name=\"wpforms[fields][4]\" ><\/div><div id=\"wpforms-1750-field_2-container\" class=\"wpforms-field wpforms-field-textarea\" data-field-id=\"2\"><label class=\"wpforms-field-label\" for=\"wpforms-1750-field_2\">Ihre Nachricht<\/label><textarea id=\"wpforms-1750-field_2\" class=\"wpforms-field-medium\" name=\"wpforms[fields][2]\" ><\/textarea><\/div><\/div><!-- .wpforms-field-container --><div class=\"wpforms-submit-container\" ><input type=\"hidden\" name=\"wpforms[id]\" value=\"1750\"><input type=\"hidden\" name=\"page_title\" value=\"\"><input type=\"hidden\" name=\"page_url\" value=\"https:\/\/bangkokbybike.com\/de\/wp-json\/wp\/v2\/pages\/834\"><input type=\"hidden\" name=\"url_referer\" value=\"\"><button type=\"submit\" name=\"wpforms[submit]\" id=\"wpforms-submit-1750\" class=\"wpforms-submit\" data-alt-text=\"Senden...\" data-submit-text=\"Einreichen\" aria-live=\"assertive\" value=\"wpforms-submit\">Einreichen<\/button><img loading=\"lazy\" decoding=\"async\" src=\"https:\/\/bangkokbybike.com\/wp-content\/plugins\/wpforms-lite\/assets\/images\/submit-spin.svg\" class=\"wpforms-submit-spinner\" style=\"display: none;\" width=\"26\" height=\"26\" alt=\"Wird geladen\"><\/div><\/form><\/div>  <!-- .wpforms-container -->\n<p>[\/et_pb_text][\/et_pb_column][\/et_pb_row][\/et_pb_section][et_pb_section fb_built=&#8220;1&#8243; custom_padding_last_edited=&#8220;on|phone&#8220; module_id=&#8220;Die Karte&#8220; _builder_version=&#8220;4.14.2&#8243; _module_preset=&#8220;default&#8220; custom_padding=&#8220;60px||60px||true|false&#8220; custom_padding_tablet=&#8220;40px||40px||false|false&#8220; custom_padding_phone=&#8220;||30px||false|false&#8220; border_width_top=&#8220;2px&#8220; border_color_top=&#8220;#FDC966&#8243; global_colors_info=&#8220;{}&#8220;][et_pb_row use_custom_gutter=&#8220;on&#8220; gutter_width=&#8220;2&#8243; _builder_version=&#8220;4.14.2&#8243; _module_preset=&#8220;default&#8220; max_width=&#8220;1200px&#8220; custom_margin=&#8220;0px||0px||false|false&#8220; custom_padding=&#8220;0px||0px||false|false&#8220; global_colors_info=&#8220;{}&#8220;][et_pb_column type=&#8220;4_4&#8243; _builder_version=&#8220;4.14.0&#8243; _module_preset=&#8220;default&#8220; global_colors_info=&#8220;{}&#8220;][et_pb_text _builder_version=&#8220;4.14.2&#8243; _module_preset=&#8220;default&#8220; header_2_font_size=&#8220;28px&#8220; custom_padding=&#8220;||3px||false|false&#8220; global_colors_info=&#8220;{}&#8220;]<\/p>\n<h1>Karte<\/h1>\n<p>[\/et_pb_text][\/et_pb_column][\/et_pb_row][et_pb_row column_structure=&#8220;1_2,1_2&#8243; use_custom_gutter=&#8220;on&#8220; gutter_width=&#8220;2&#8243; _builder_version=&#8220;4.14.2&#8243; _module_preset=&#8220;default&#8220; max_width=&#8220;1200px&#8220; custom_margin=&#8220;0px||0px||false|false&#8220; custom_padding=&#8220;0px||0px||false|false&#8220; global_colors_info=&#8220;{}&#8220;][et_pb_column type=&#8220;1_2&#8243; _builder_version=&#8220;4.14.0&#8243; _module_preset=&#8220;default&#8220; global_colors_info=&#8220;{}&#8220;][et_pb_text _builder_version=&#8220;4.14.2&#8243; _module_preset=&#8220;default&#8220; header_2_font_size=&#8220;28px&#8220; custom_padding=&#8220;||40px||false|false&#8220; custom_padding_tablet=&#8220;||0px||false|false&#8220; custom_padding_phone=&#8220;||0px||false|false&#8220; custom_padding_last_edited=&#8220;on|phone&#8220; global_colors_info=&#8220;{}&#8220;]<\/p>\n<p>Es gibt mehrere Alternativen, um zu unserem B\u00fcro zu gelangen.<\/p>\n<p><strong>Taxi<\/strong> ist nicht teuer und funktioniert normalerweise gut. Grab Taxi ist am einfachsten. Wenn Sie ein Taxi von der Stra\u00dfe nehmen, bestellen Sie das Taxi auf die gegen\u00fcberliegende Seite des Kaufhauses Pata, auf der Westseite des Flusses. Sie k\u00f6nnen das Schild unseres Unternehmens von der gro\u00dfen Stra\u00dfe aus deutlich sehen, aber gehen Sie in die Seitenstra\u00dfe mit dem Namen soi 17. Sehen Sie sich die Karte unten an. Stellen Sie sicher, dass der Fahrer das Taximeter anstellt . Wenn Sie einen Festpreis annehmen, wird es teurer.<\/p>\n<p><strong>Bitte vermeiden Sie tuk-tuk<\/strong> \u2013 Sie geraten einfach in Probleme, wenn Sie sie benutzen.<\/p>\n<p>[\/et_pb_text][\/et_pb_column][et_pb_column type=&#8220;1_2&#8243; _builder_version=&#8220;4.14.0&#8243; _module_preset=&#8220;default&#8220; global_colors_info=&#8220;{}&#8220;][et_pb_text _builder_version=&#8220;4.14.2&#8243; _module_preset=&#8220;default&#8220; header_2_font_size=&#8220;28px&#8220; custom_padding=&#8220;||40px||false|false&#8220; global_colors_info=&#8220;{}&#8220;]<\/p>\n<p><strong>Abholung\/R\u00fcckgabe:<\/strong> Wir bieten die Abholung von Ihrem Hotel an, was die einfachste, aber teurere L\u00f6sung ist.<\/p>\n<p><strong>U-Bahn (MRT):<\/strong> Blaue Linie bis Station BL05 Bang Yi Khan. Etwas mehr als 1 km Fu\u00dfweg (10-15 Minuten von dort).<\/p>\n<p><strong>Boot:<\/strong> Alternativ k\u00f6nnen Sie mit der F\u00e4hre (Chao Phraya Expressboat) fahren, wenn Sie am Fluss bleiben. Steigen Sie in diesem Fall in die gelbe oder orangefarbene Linie ein und steigen Sie am Pier Nummer 12, Phra Pin Klao Bridge aus. <strong>Vom Pier 12<\/strong>, sind es 1 km zu Fu\u00df, ca. 10-15 Minuten. Sehen Sie sich die Karte unten an.<\/p>\n<p>[\/et_pb_text][\/et_pb_column][\/et_pb_row][et_pb_row _builder_version=&#8220;4.14.2&#8243; _module_preset=&#8220;default&#8220; width=&#8220;100%&#8220; max_width=&#8220;100%&#8220; custom_margin=&#8220;0px||0px||false|false&#8220; custom_padding=&#8220;0px||0px||false|false&#8220; global_colors_info=&#8220;{}&#8220;][et_pb_column type=&#8220;4_4&#8243; _builder_version=&#8220;4.14.0&#8243; _module_preset=&#8220;default&#8220; global_colors_info=&#8220;{}&#8220;][et_pb_code _builder_version=&#8220;4.14.2&#8243; _module_preset=&#8220;default&#8220; hover_enabled=&#8220;0&#8243; global_colors_info=&#8220;{}&#8220; sticky_enabled=&#8220;0&#8243;]<iframe src=\"https:\/\/www.google.com\/maps\/embed?pb=!1m18!1m12!1m3!1d3875.1504371335277!2d100.48186841533928!3d13.769799990335834!2m3!1f0!2f0!3f0!3m2!1i1024!2i768!4f13.1!3m3!1m2!1s0x30e29975d5a1a647%3A0xd903ed7c5c35794f!2sBangkok%20By%20Bike!5e0!3m2!1ssv!2sth!4v1638344662077!5m2!1ssv!2sth\" width=\"100%\" height=\"600\" style=\"border:0;\" allowfullscreen=\"\" loading=\"lazy\"><\/iframe>[\/et_pb_code][\/et_pb_column][\/et_pb_row][\/et_pb_section]<\/p>\n","protected":false},"excerpt":{"rendered":"<p>Gef\u00fchrte Fahrradtouren in Bangkok. Erleben und erfahren Sie mehr \u00fcber die Lebensweise und Kultur. Erhalten Sie sch\u00f6ne Erinnerungen f\u00fcr die Zukunft.<\/p>\n","protected":false},"author":1,"featured_media":1533,"parent":0,"menu_order":0,"comment_status":"closed","ping_status":"closed","template":"","meta":{"_et_pb_use_builder":"on","_et_pb_old_content":"","_et_gb_content_width":"","footnotes":""},"class_list":["post-834","page","type-page","status-publish","has-post-thumbnail","hentry"],"yoast_head":"<!-- This site is optimized with the Yoast SEO plugin v27.4 - https:\/\/yoast.com\/product\/yoast-seo-wordpress\/ -->\n<title>Kontakt - Bangkok By Bike<\/title>\n<meta name=\"description\" content=\"Gef\u00fchrte Fahrradtouren in Bangkok. Erleben und erfahren Sie mehr \u00fcber die Lebensweise und Kultur. Erhalten Sie sch\u00f6ne Erinnerungen f\u00fcr die Zukunft.\" \/>\n<meta name=\"robots\" content=\"index, follow, max-snippet:-1, max-image-preview:large, max-video-preview:-1\" \/>\n<link rel=\"canonical\" href=\"https:\/\/bangkokbybike.com\/de\/contact\/\" \/>\n<meta property=\"og:locale\" content=\"de_DE\" \/>\n<meta property=\"og:type\" content=\"article\" \/>\n<meta property=\"og:title\" content=\"Kontakt - Bangkok By Bike\" \/>\n<meta property=\"og:description\" content=\"Gef\u00fchrte Fahrradtouren in Bangkok. Erleben und erfahren Sie mehr \u00fcber die Lebensweise und Kultur. Erhalten Sie sch\u00f6ne Erinnerungen f\u00fcr die Zukunft.\" \/>\n<meta property=\"og:url\" content=\"https:\/\/bangkokbybike.com\/de\/contact\/\" \/>\n<meta property=\"og:site_name\" content=\"Bangkok By Bike\" \/>\n<meta property=\"article:publisher\" content=\"https:\/\/www.facebook.com\/bangkokbybike\" \/>\n<meta property=\"article:modified_time\" content=\"2021-12-21T04:57:13+00:00\" \/>\n<meta property=\"og:image\" content=\"https:\/\/bangkokbybike.com\/wp-content\/uploads\/2021\/12\/og.jpg\" \/>\n\t<meta property=\"og:image:width\" content=\"1200\" \/>\n\t<meta property=\"og:image:height\" content=\"630\" \/>\n\t<meta property=\"og:image:type\" content=\"image\/jpeg\" \/>\n<meta name=\"twitter:card\" content=\"summary_large_image\" \/>\n<meta name=\"twitter:label1\" content=\"Gesch\u00e4tzte Lesezeit\" \/>\n\t<meta name=\"twitter:data1\" content=\"4\u00a0Minuten\" \/>\n<script type=\"application\/ld+json\" class=\"yoast-schema-graph\">{\"@context\":\"https:\\\/\\\/schema.org\",\"@graph\":[{\"@type\":\"WebPage\",\"@id\":\"https:\\\/\\\/bangkokbybike.com\\\/de\\\/contact\\\/\",\"url\":\"https:\\\/\\\/bangkokbybike.com\\\/de\\\/contact\\\/\",\"name\":\"Kontakt - Bangkok By Bike\",\"isPartOf\":{\"@id\":\"https:\\\/\\\/bangkokbybike.com\\\/de\\\/#website\"},\"primaryImageOfPage\":{\"@id\":\"https:\\\/\\\/bangkokbybike.com\\\/de\\\/contact\\\/#primaryimage\"},\"image\":{\"@id\":\"https:\\\/\\\/bangkokbybike.com\\\/de\\\/contact\\\/#primaryimage\"},\"thumbnailUrl\":\"https:\\\/\\\/bangkokbybike.com\\\/wp-content\\\/uploads\\\/2021\\\/12\\\/og.jpg\",\"datePublished\":\"2021-11-23T07:17:11+00:00\",\"dateModified\":\"2021-12-21T04:57:13+00:00\",\"description\":\"Gef\u00fchrte Fahrradtouren in Bangkok. Erleben und erfahren Sie mehr \u00fcber die Lebensweise und Kultur. Erhalten Sie sch\u00f6ne Erinnerungen f\u00fcr die Zukunft.\",\"breadcrumb\":{\"@id\":\"https:\\\/\\\/bangkokbybike.com\\\/de\\\/contact\\\/#breadcrumb\"},\"inLanguage\":\"de\",\"potentialAction\":[{\"@type\":\"ReadAction\",\"target\":[\"https:\\\/\\\/bangkokbybike.com\\\/de\\\/contact\\\/\"]}]},{\"@type\":\"ImageObject\",\"inLanguage\":\"de\",\"@id\":\"https:\\\/\\\/bangkokbybike.com\\\/de\\\/contact\\\/#primaryimage\",\"url\":\"https:\\\/\\\/bangkokbybike.com\\\/wp-content\\\/uploads\\\/2021\\\/12\\\/og.jpg\",\"contentUrl\":\"https:\\\/\\\/bangkokbybike.com\\\/wp-content\\\/uploads\\\/2021\\\/12\\\/og.jpg\",\"width\":1200,\"height\":630},{\"@type\":\"BreadcrumbList\",\"@id\":\"https:\\\/\\\/bangkokbybike.com\\\/de\\\/contact\\\/#breadcrumb\",\"itemListElement\":[{\"@type\":\"ListItem\",\"position\":1,\"name\":\"Home\",\"item\":\"https:\\\/\\\/bangkokbybike.com\\\/de\\\/\"},{\"@type\":\"ListItem\",\"position\":2,\"name\":\"Kontakt\"}]},{\"@type\":\"WebSite\",\"@id\":\"https:\\\/\\\/bangkokbybike.com\\\/de\\\/#website\",\"url\":\"https:\\\/\\\/bangkokbybike.com\\\/de\\\/\",\"name\":\"Bangkok By Bike\",\"description\":\"Guided Biking Tours in Bangkok\",\"publisher\":{\"@id\":\"https:\\\/\\\/bangkokbybike.com\\\/de\\\/#organization\"},\"potentialAction\":[{\"@type\":\"SearchAction\",\"target\":{\"@type\":\"EntryPoint\",\"urlTemplate\":\"https:\\\/\\\/bangkokbybike.com\\\/de\\\/?s={search_term_string}\"},\"query-input\":{\"@type\":\"PropertyValueSpecification\",\"valueRequired\":true,\"valueName\":\"search_term_string\"}}],\"inLanguage\":\"de\"},{\"@type\":\"Organization\",\"@id\":\"https:\\\/\\\/bangkokbybike.com\\\/de\\\/#organization\",\"name\":\"Bangkok By Bike\",\"url\":\"https:\\\/\\\/bangkokbybike.com\\\/de\\\/\",\"logo\":{\"@type\":\"ImageObject\",\"inLanguage\":\"de\",\"@id\":\"https:\\\/\\\/bangkokbybike.com\\\/de\\\/#\\\/schema\\\/logo\\\/image\\\/\",\"url\":\"https:\\\/\\\/bangkokbybike.com\\\/wp-content\\\/uploads\\\/2021\\\/12\\\/logo-black.png\",\"contentUrl\":\"https:\\\/\\\/bangkokbybike.com\\\/wp-content\\\/uploads\\\/2021\\\/12\\\/logo-black.png\",\"width\":572,\"height\":84,\"caption\":\"Bangkok By Bike\"},\"image\":{\"@id\":\"https:\\\/\\\/bangkokbybike.com\\\/de\\\/#\\\/schema\\\/logo\\\/image\\\/\"},\"sameAs\":[\"https:\\\/\\\/www.facebook.com\\\/bangkokbybike\"]}]}<\/script>\n<!-- \/ Yoast SEO plugin. -->","yoast_head_json":{"title":"Kontakt - Bangkok By Bike","description":"Gef\u00fchrte Fahrradtouren in Bangkok. Erleben und erfahren Sie mehr \u00fcber die Lebensweise und Kultur. Erhalten Sie sch\u00f6ne Erinnerungen f\u00fcr die Zukunft.","robots":{"index":"index","follow":"follow","max-snippet":"max-snippet:-1","max-image-preview":"max-image-preview:large","max-video-preview":"max-video-preview:-1"},"canonical":"https:\/\/bangkokbybike.com\/de\/contact\/","og_locale":"de_DE","og_type":"article","og_title":"Kontakt - Bangkok By Bike","og_description":"Gef\u00fchrte Fahrradtouren in Bangkok. Erleben und erfahren Sie mehr \u00fcber die Lebensweise und Kultur. Erhalten Sie sch\u00f6ne Erinnerungen f\u00fcr die Zukunft.","og_url":"https:\/\/bangkokbybike.com\/de\/contact\/","og_site_name":"Bangkok By Bike","article_publisher":"https:\/\/www.facebook.com\/bangkokbybike","article_modified_time":"2021-12-21T04:57:13+00:00","og_image":[{"width":1200,"height":630,"url":"https:\/\/bangkokbybike.com\/wp-content\/uploads\/2021\/12\/og.jpg","type":"image\/jpeg"}],"twitter_card":"summary_large_image","twitter_misc":{"Gesch\u00e4tzte Lesezeit":"4\u00a0Minuten"},"schema":{"@context":"https:\/\/schema.org","@graph":[{"@type":"WebPage","@id":"https:\/\/bangkokbybike.com\/de\/contact\/","url":"https:\/\/bangkokbybike.com\/de\/contact\/","name":"Kontakt - Bangkok By Bike","isPartOf":{"@id":"https:\/\/bangkokbybike.com\/de\/#website"},"primaryImageOfPage":{"@id":"https:\/\/bangkokbybike.com\/de\/contact\/#primaryimage"},"image":{"@id":"https:\/\/bangkokbybike.com\/de\/contact\/#primaryimage"},"thumbnailUrl":"https:\/\/bangkokbybike.com\/wp-content\/uploads\/2021\/12\/og.jpg","datePublished":"2021-11-23T07:17:11+00:00","dateModified":"2021-12-21T04:57:13+00:00","description":"Gef\u00fchrte Fahrradtouren in Bangkok. Erleben und erfahren Sie mehr \u00fcber die Lebensweise und Kultur. Erhalten Sie sch\u00f6ne Erinnerungen f\u00fcr die Zukunft.","breadcrumb":{"@id":"https:\/\/bangkokbybike.com\/de\/contact\/#breadcrumb"},"inLanguage":"de","potentialAction":[{"@type":"ReadAction","target":["https:\/\/bangkokbybike.com\/de\/contact\/"]}]},{"@type":"ImageObject","inLanguage":"de","@id":"https:\/\/bangkokbybike.com\/de\/contact\/#primaryimage","url":"https:\/\/bangkokbybike.com\/wp-content\/uploads\/2021\/12\/og.jpg","contentUrl":"https:\/\/bangkokbybike.com\/wp-content\/uploads\/2021\/12\/og.jpg","width":1200,"height":630},{"@type":"BreadcrumbList","@id":"https:\/\/bangkokbybike.com\/de\/contact\/#breadcrumb","itemListElement":[{"@type":"ListItem","position":1,"name":"Home","item":"https:\/\/bangkokbybike.com\/de\/"},{"@type":"ListItem","position":2,"name":"Kontakt"}]},{"@type":"WebSite","@id":"https:\/\/bangkokbybike.com\/de\/#website","url":"https:\/\/bangkokbybike.com\/de\/","name":"Bangkok By Bike","description":"Guided Biking Tours in Bangkok","publisher":{"@id":"https:\/\/bangkokbybike.com\/de\/#organization"},"potentialAction":[{"@type":"SearchAction","target":{"@type":"EntryPoint","urlTemplate":"https:\/\/bangkokbybike.com\/de\/?s={search_term_string}"},"query-input":{"@type":"PropertyValueSpecification","valueRequired":true,"valueName":"search_term_string"}}],"inLanguage":"de"},{"@type":"Organization","@id":"https:\/\/bangkokbybike.com\/de\/#organization","name":"Bangkok By Bike","url":"https:\/\/bangkokbybike.com\/de\/","logo":{"@type":"ImageObject","inLanguage":"de","@id":"https:\/\/bangkokbybike.com\/de\/#\/schema\/logo\/image\/","url":"https:\/\/bangkokbybike.com\/wp-content\/uploads\/2021\/12\/logo-black.png","contentUrl":"https:\/\/bangkokbybike.com\/wp-content\/uploads\/2021\/12\/logo-black.png","width":572,"height":84,"caption":"Bangkok By Bike"},"image":{"@id":"https:\/\/bangkokbybike.com\/de\/#\/schema\/logo\/image\/"},"sameAs":["https:\/\/www.facebook.com\/bangkokbybike"]}]}},"_links":{"self":[{"href":"https:\/\/bangkokbybike.com\/de\/wp-json\/wp\/v2\/pages\/834","targetHints":{"allow":["GET"]}}],"collection":[{"href":"https:\/\/bangkokbybike.com\/de\/wp-json\/wp\/v2\/pages"}],"about":[{"href":"https:\/\/bangkokbybike.com\/de\/wp-json\/wp\/v2\/types\/page"}],"author":[{"embeddable":true,"href":"https:\/\/bangkokbybike.com\/de\/wp-json\/wp\/v2\/users\/1"}],"replies":[{"embeddable":true,"href":"https:\/\/bangkokbybike.com\/de\/wp-json\/wp\/v2\/comments?post=834"}],"version-history":[{"count":0,"href":"https:\/\/bangkokbybike.com\/de\/wp-json\/wp\/v2\/pages\/834\/revisions"}],"wp:featuredmedia":[{"embeddable":true,"href":"https:\/\/bangkokbybike.com\/de\/wp-json\/wp\/v2\/media\/1533"}],"wp:attachment":[{"href":"https:\/\/bangkokbybike.com\/de\/wp-json\/wp\/v2\/media?parent=834"}],"curies":[{"name":"wp","href":"https:\/\/api.w.org\/{rel}","templated":true}]}}