{"id":827,"date":"2021-11-23T07:17:20","date_gmt":"2021-11-23T07:17:20","guid":{"rendered":"https:\/\/bangkokbybike.com\/news\/"},"modified":"2021-12-20T08:29:43","modified_gmt":"2021-12-20T08:29:43","slug":"news","status":"publish","type":"page","link":"https:\/\/bangkokbybike.com\/de\/news\/","title":{"rendered":"Nachrichten"},"content":{"rendered":"<p>[et_pb_section fb_built=&#8220;1&#8243; custom_padding_last_edited=&#8220;on|phone&#8220; _builder_version=&#8220;4.14.1&#8243; _module_preset=&#8220;default&#8220; custom_padding=&#8220;80px||80px||true|false&#8220; custom_padding_tablet=&#8220;40px||40px||false|false&#8220; custom_padding_phone=&#8220;||30px||false|false&#8220; global_colors_info=&#8220;{}&#8220;][et_pb_row _builder_version=&#8220;4.14.1&#8243; _module_preset=&#8220;default&#8220; max_width=&#8220;1200px&#8220; custom_margin=&#8220;0px||0px||false|false&#8220; custom_padding=&#8220;0px||0px||false|false&#8220; global_colors_info=&#8220;{}&#8220;][et_pb_column type=&#8220;4_4&#8243; _builder_version=&#8220;4.14.0&#8243; _module_preset=&#8220;default&#8220; global_colors_info=&#8220;{}&#8220;][et_pb_text _builder_version=&#8220;4.14.2&#8243; _module_preset=&#8220;default&#8220; header_2_font_size=&#8220;28px&#8220; custom_padding=&#8220;||40px||false|false&#8220; global_colors_info=&#8220;{}&#8220;]<\/p>\n<h1>Neuigkeiten und Updates<\/h1>\n<p><strong>2021-12-01<\/strong>: Ab dem 1. Dezember haben wir nach l\u00e4ngerer Pause aufgrund der Covid-Pandemie wieder den normalen Betrieb.<\/p>\n<p>[\/et_pb_text][\/et_pb_column][\/et_pb_row][\/et_pb_section]<\/p>\n","protected":false},"excerpt":{"rendered":"<p>Gef\u00fchrte Fahrradtouren in Bangkok. Erleben und erfahren Sie mehr \u00fcber die Lebensweise und Kultur. Erhalten Sie sch\u00f6ne Erinnerungen f\u00fcr die Zukunft.<\/p>\n","protected":false},"author":1,"featured_media":1533,"parent":0,"menu_order":0,"comment_status":"closed","ping_status":"closed","template":"","meta":{"_et_pb_use_builder":"on","_et_pb_old_content":"","_et_gb_content_width":"","footnotes":""},"class_list":["post-827","page","type-page","status-publish","has-post-thumbnail","hentry"],"yoast_head":"<!-- This site is optimized with the Yoast SEO plugin v27.4 - https:\/\/yoast.com\/product\/yoast-seo-wordpress\/ -->\n<title>Nachrichten - Bangkok By Bike<\/title>\n<meta name=\"description\" content=\"Gef\u00fchrte Fahrradtouren in Bangkok. Erleben und erfahren Sie mehr \u00fcber die Lebensweise und Kultur. Erhalten Sie sch\u00f6ne Erinnerungen f\u00fcr die Zukunft.\" \/>\n<meta name=\"robots\" content=\"index, follow, max-snippet:-1, max-image-preview:large, max-video-preview:-1\" \/>\n<link rel=\"canonical\" href=\"https:\/\/bangkokbybike.com\/de\/news\/\" \/>\n<meta property=\"og:locale\" content=\"de_DE\" \/>\n<meta property=\"og:type\" content=\"article\" \/>\n<meta property=\"og:title\" content=\"Nachrichten - Bangkok By Bike\" \/>\n<meta property=\"og:description\" content=\"Gef\u00fchrte Fahrradtouren in Bangkok. Erleben und erfahren Sie mehr \u00fcber die Lebensweise und Kultur. Erhalten Sie sch\u00f6ne Erinnerungen f\u00fcr die Zukunft.\" \/>\n<meta property=\"og:url\" content=\"https:\/\/bangkokbybike.com\/de\/news\/\" \/>\n<meta property=\"og:site_name\" content=\"Bangkok By Bike\" \/>\n<meta property=\"article:publisher\" content=\"https:\/\/www.facebook.com\/bangkokbybike\" \/>\n<meta property=\"article:modified_time\" content=\"2021-12-20T08:29:43+00:00\" \/>\n<meta property=\"og:image\" content=\"https:\/\/bangkokbybike.com\/wp-content\/uploads\/2021\/12\/og.jpg\" \/>\n\t<meta property=\"og:image:width\" content=\"1200\" \/>\n\t<meta property=\"og:image:height\" content=\"630\" \/>\n\t<meta property=\"og:image:type\" content=\"image\/jpeg\" \/>\n<meta name=\"twitter:card\" content=\"summary_large_image\" \/>\n<meta name=\"twitter:label1\" content=\"Gesch\u00e4tzte Lesezeit\" \/>\n\t<meta name=\"twitter:data1\" content=\"1\u00a0Minute\" \/>\n<script type=\"application\/ld+json\" class=\"yoast-schema-graph\">{\"@context\":\"https:\\\/\\\/schema.org\",\"@graph\":[{\"@type\":\"WebPage\",\"@id\":\"https:\\\/\\\/bangkokbybike.com\\\/de\\\/news\\\/\",\"url\":\"https:\\\/\\\/bangkokbybike.com\\\/de\\\/news\\\/\",\"name\":\"Nachrichten - Bangkok By Bike\",\"isPartOf\":{\"@id\":\"https:\\\/\\\/bangkokbybike.com\\\/de\\\/#website\"},\"primaryImageOfPage\":{\"@id\":\"https:\\\/\\\/bangkokbybike.com\\\/de\\\/news\\\/#primaryimage\"},\"image\":{\"@id\":\"https:\\\/\\\/bangkokbybike.com\\\/de\\\/news\\\/#primaryimage\"},\"thumbnailUrl\":\"https:\\\/\\\/bangkokbybike.com\\\/wp-content\\\/uploads\\\/2021\\\/12\\\/og.jpg\",\"datePublished\":\"2021-11-23T07:17:20+00:00\",\"dateModified\":\"2021-12-20T08:29:43+00:00\",\"description\":\"Gef\u00fchrte Fahrradtouren in Bangkok. Erleben und erfahren Sie mehr \u00fcber die Lebensweise und Kultur. Erhalten Sie sch\u00f6ne Erinnerungen f\u00fcr die Zukunft.\",\"breadcrumb\":{\"@id\":\"https:\\\/\\\/bangkokbybike.com\\\/de\\\/news\\\/#breadcrumb\"},\"inLanguage\":\"de\",\"potentialAction\":[{\"@type\":\"ReadAction\",\"target\":[\"https:\\\/\\\/bangkokbybike.com\\\/de\\\/news\\\/\"]}]},{\"@type\":\"ImageObject\",\"inLanguage\":\"de\",\"@id\":\"https:\\\/\\\/bangkokbybike.com\\\/de\\\/news\\\/#primaryimage\",\"url\":\"https:\\\/\\\/bangkokbybike.com\\\/wp-content\\\/uploads\\\/2021\\\/12\\\/og.jpg\",\"contentUrl\":\"https:\\\/\\\/bangkokbybike.com\\\/wp-content\\\/uploads\\\/2021\\\/12\\\/og.jpg\",\"width\":1200,\"height\":630},{\"@type\":\"BreadcrumbList\",\"@id\":\"https:\\\/\\\/bangkokbybike.com\\\/de\\\/news\\\/#breadcrumb\",\"itemListElement\":[{\"@type\":\"ListItem\",\"position\":1,\"name\":\"Home\",\"item\":\"https:\\\/\\\/bangkokbybike.com\\\/de\\\/\"},{\"@type\":\"ListItem\",\"position\":2,\"name\":\"Nachrichten\"}]},{\"@type\":\"WebSite\",\"@id\":\"https:\\\/\\\/bangkokbybike.com\\\/de\\\/#website\",\"url\":\"https:\\\/\\\/bangkokbybike.com\\\/de\\\/\",\"name\":\"Bangkok By Bike\",\"description\":\"Guided Biking Tours in Bangkok\",\"publisher\":{\"@id\":\"https:\\\/\\\/bangkokbybike.com\\\/de\\\/#organization\"},\"potentialAction\":[{\"@type\":\"SearchAction\",\"target\":{\"@type\":\"EntryPoint\",\"urlTemplate\":\"https:\\\/\\\/bangkokbybike.com\\\/de\\\/?s={search_term_string}\"},\"query-input\":{\"@type\":\"PropertyValueSpecification\",\"valueRequired\":true,\"valueName\":\"search_term_string\"}}],\"inLanguage\":\"de\"},{\"@type\":\"Organization\",\"@id\":\"https:\\\/\\\/bangkokbybike.com\\\/de\\\/#organization\",\"name\":\"Bangkok By Bike\",\"url\":\"https:\\\/\\\/bangkokbybike.com\\\/de\\\/\",\"logo\":{\"@type\":\"ImageObject\",\"inLanguage\":\"de\",\"@id\":\"https:\\\/\\\/bangkokbybike.com\\\/de\\\/#\\\/schema\\\/logo\\\/image\\\/\",\"url\":\"https:\\\/\\\/bangkokbybike.com\\\/wp-content\\\/uploads\\\/2021\\\/12\\\/logo-black.png\",\"contentUrl\":\"https:\\\/\\\/bangkokbybike.com\\\/wp-content\\\/uploads\\\/2021\\\/12\\\/logo-black.png\",\"width\":572,\"height\":84,\"caption\":\"Bangkok By Bike\"},\"image\":{\"@id\":\"https:\\\/\\\/bangkokbybike.com\\\/de\\\/#\\\/schema\\\/logo\\\/image\\\/\"},\"sameAs\":[\"https:\\\/\\\/www.facebook.com\\\/bangkokbybike\"]}]}<\/script>\n<!-- \/ Yoast SEO plugin. -->","yoast_head_json":{"title":"Nachrichten - Bangkok By Bike","description":"Gef\u00fchrte Fahrradtouren in Bangkok. Erleben und erfahren Sie mehr \u00fcber die Lebensweise und Kultur. Erhalten Sie sch\u00f6ne Erinnerungen f\u00fcr die Zukunft.","robots":{"index":"index","follow":"follow","max-snippet":"max-snippet:-1","max-image-preview":"max-image-preview:large","max-video-preview":"max-video-preview:-1"},"canonical":"https:\/\/bangkokbybike.com\/de\/news\/","og_locale":"de_DE","og_type":"article","og_title":"Nachrichten - Bangkok By Bike","og_description":"Gef\u00fchrte Fahrradtouren in Bangkok. Erleben und erfahren Sie mehr \u00fcber die Lebensweise und Kultur. Erhalten Sie sch\u00f6ne Erinnerungen f\u00fcr die Zukunft.","og_url":"https:\/\/bangkokbybike.com\/de\/news\/","og_site_name":"Bangkok By Bike","article_publisher":"https:\/\/www.facebook.com\/bangkokbybike","article_modified_time":"2021-12-20T08:29:43+00:00","og_image":[{"width":1200,"height":630,"url":"https:\/\/bangkokbybike.com\/wp-content\/uploads\/2021\/12\/og.jpg","type":"image\/jpeg"}],"twitter_card":"summary_large_image","twitter_misc":{"Gesch\u00e4tzte Lesezeit":"1\u00a0Minute"},"schema":{"@context":"https:\/\/schema.org","@graph":[{"@type":"WebPage","@id":"https:\/\/bangkokbybike.com\/de\/news\/","url":"https:\/\/bangkokbybike.com\/de\/news\/","name":"Nachrichten - Bangkok By Bike","isPartOf":{"@id":"https:\/\/bangkokbybike.com\/de\/#website"},"primaryImageOfPage":{"@id":"https:\/\/bangkokbybike.com\/de\/news\/#primaryimage"},"image":{"@id":"https:\/\/bangkokbybike.com\/de\/news\/#primaryimage"},"thumbnailUrl":"https:\/\/bangkokbybike.com\/wp-content\/uploads\/2021\/12\/og.jpg","datePublished":"2021-11-23T07:17:20+00:00","dateModified":"2021-12-20T08:29:43+00:00","description":"Gef\u00fchrte Fahrradtouren in Bangkok. Erleben und erfahren Sie mehr \u00fcber die Lebensweise und Kultur. Erhalten Sie sch\u00f6ne Erinnerungen f\u00fcr die Zukunft.","breadcrumb":{"@id":"https:\/\/bangkokbybike.com\/de\/news\/#breadcrumb"},"inLanguage":"de","potentialAction":[{"@type":"ReadAction","target":["https:\/\/bangkokbybike.com\/de\/news\/"]}]},{"@type":"ImageObject","inLanguage":"de","@id":"https:\/\/bangkokbybike.com\/de\/news\/#primaryimage","url":"https:\/\/bangkokbybike.com\/wp-content\/uploads\/2021\/12\/og.jpg","contentUrl":"https:\/\/bangkokbybike.com\/wp-content\/uploads\/2021\/12\/og.jpg","width":1200,"height":630},{"@type":"BreadcrumbList","@id":"https:\/\/bangkokbybike.com\/de\/news\/#breadcrumb","itemListElement":[{"@type":"ListItem","position":1,"name":"Home","item":"https:\/\/bangkokbybike.com\/de\/"},{"@type":"ListItem","position":2,"name":"Nachrichten"}]},{"@type":"WebSite","@id":"https:\/\/bangkokbybike.com\/de\/#website","url":"https:\/\/bangkokbybike.com\/de\/","name":"Bangkok By Bike","description":"Guided Biking Tours in Bangkok","publisher":{"@id":"https:\/\/bangkokbybike.com\/de\/#organization"},"potentialAction":[{"@type":"SearchAction","target":{"@type":"EntryPoint","urlTemplate":"https:\/\/bangkokbybike.com\/de\/?s={search_term_string}"},"query-input":{"@type":"PropertyValueSpecification","valueRequired":true,"valueName":"search_term_string"}}],"inLanguage":"de"},{"@type":"Organization","@id":"https:\/\/bangkokbybike.com\/de\/#organization","name":"Bangkok By Bike","url":"https:\/\/bangkokbybike.com\/de\/","logo":{"@type":"ImageObject","inLanguage":"de","@id":"https:\/\/bangkokbybike.com\/de\/#\/schema\/logo\/image\/","url":"https:\/\/bangkokbybike.com\/wp-content\/uploads\/2021\/12\/logo-black.png","contentUrl":"https:\/\/bangkokbybike.com\/wp-content\/uploads\/2021\/12\/logo-black.png","width":572,"height":84,"caption":"Bangkok By Bike"},"image":{"@id":"https:\/\/bangkokbybike.com\/de\/#\/schema\/logo\/image\/"},"sameAs":["https:\/\/www.facebook.com\/bangkokbybike"]}]}},"_links":{"self":[{"href":"https:\/\/bangkokbybike.com\/de\/wp-json\/wp\/v2\/pages\/827","targetHints":{"allow":["GET"]}}],"collection":[{"href":"https:\/\/bangkokbybike.com\/de\/wp-json\/wp\/v2\/pages"}],"about":[{"href":"https:\/\/bangkokbybike.com\/de\/wp-json\/wp\/v2\/types\/page"}],"author":[{"embeddable":true,"href":"https:\/\/bangkokbybike.com\/de\/wp-json\/wp\/v2\/users\/1"}],"replies":[{"embeddable":true,"href":"https:\/\/bangkokbybike.com\/de\/wp-json\/wp\/v2\/comments?post=827"}],"version-history":[{"count":0,"href":"https:\/\/bangkokbybike.com\/de\/wp-json\/wp\/v2\/pages\/827\/revisions"}],"wp:featuredmedia":[{"embeddable":true,"href":"https:\/\/bangkokbybike.com\/de\/wp-json\/wp\/v2\/media\/1533"}],"wp:attachment":[{"href":"https:\/\/bangkokbybike.com\/de\/wp-json\/wp\/v2\/media?parent=827"}],"curies":[{"name":"wp","href":"https:\/\/api.w.org\/{rel}","templated":true}]}}