{"id":824,"date":"2021-12-01T06:28:20","date_gmt":"2021-12-01T06:28:20","guid":{"rendered":"https:\/\/bangkokbybike.com\/booking\/"},"modified":"2021-12-21T02:55:25","modified_gmt":"2021-12-21T02:55:25","slug":"booking","status":"publish","type":"page","link":"https:\/\/bangkokbybike.com\/de\/booking\/","title":{"rendered":"Reservierung"},"content":{"rendered":"<p>[et_pb_section fb_built=&#8220;1&#8243; fullwidth=&#8220;on&#8220; _builder_version=&#8220;4.14.1&#8243; _module_preset=&#8220;default&#8220; global_colors_info=&#8220;{}&#8220;][et_pb_fullwidth_header title=&#8220;Hier reservieren!&#8220; button_one_url=&#8220;@ET-DC@eyJkeW5hbWljIjp0cnVlLCJjb250ZW50IjoicG9zdF9saW5rX3VybF9wYWdlIiwic2V0dGluZ3MiOnsicG9zdF9pZCI6IjMyMSJ9fQ==@&#8220; _builder_version=&#8220;4.14.2&#8243; _dynamic_attributes=&#8220;button_one_url&#8220; _module_preset=&#8220;default&#8220; title_text_color=&#8220;#FFFFFF&#8220; title_font_size=&#8220;100px&#8220; subhead_font=&#8220;|700|||||||&#8220; subhead_text_color=&#8220;#FFFFFF&#8220; subhead_font_size=&#8220;30px&#8220; subhead_line_height=&#8220;1.1em&#8220; background_enable_color=&#8220;off&#8220; background_image=&#8220;https:\/\/bangkokbybike.com\/wp-content\/uploads\/2021\/12\/header-guys.jpg&#8220; background_position=&#8220;top_center&#8220; custom_button_one=&#8220;on&#8220; button_one_text_size=&#8220;18px&#8220; button_one_use_icon=&#8220;off&#8220; button_one_custom_padding=&#8220;5px|30px|5px|30px|true|true&#8220; custom_padding=&#8220;431px||125px|||&#8220; custom_padding_tablet=&#8220;200px||100px||false|false&#8220; custom_padding_phone=&#8220;100px||10px||false|false&#8220; custom_padding_last_edited=&#8220;on|desktop&#8220; title_font_size_tablet=&#8220;70px&#8220; title_font_size_phone=&#8220;40px&#8220; title_font_size_last_edited=&#8220;on|phone&#8220; subhead_font_size_tablet=&#8220;24px&#8220; subhead_font_size_phone=&#8220;22px&#8220; subhead_font_size_last_edited=&#8220;on|tablet&#8220; title_text_shadow_style=&#8220;preset2&#8243; subhead_text_shadow_style=&#8220;preset2&#8243; box_shadow_style_button_one=&#8220;preset2&#8243; global_colors_info=&#8220;{}&#8220;][\/et_pb_fullwidth_header][\/et_pb_section][et_pb_section fb_built=&#8220;1&#8243; custom_padding_last_edited=&#8220;on|phone&#8220; _builder_version=&#8220;4.14.1&#8243; _module_preset=&#8220;default&#8220; custom_padding=&#8220;80px||80px||true|false&#8220; custom_padding_tablet=&#8220;40px||40px||false|false&#8220; custom_padding_phone=&#8220;||30px||false|false&#8220; global_colors_info=&#8220;{}&#8220;][et_pb_row column_structure=&#8220;1_3,2_3&#8243; use_custom_gutter=&#8220;on&#8220; gutter_width=&#8220;2&#8243; _builder_version=&#8220;4.14.2&#8243; _module_preset=&#8220;default&#8220; max_width=&#8220;1200px&#8220; custom_margin=&#8220;0px||0px||false|false&#8220; custom_padding=&#8220;0px||0px||false|false&#8220; global_colors_info=&#8220;{}&#8220;][et_pb_column type=&#8220;1_3&#8243; _builder_version=&#8220;4.14.0&#8243; _module_preset=&#8220;default&#8220; global_colors_info=&#8220;{}&#8220;][et_pb_text _builder_version=&#8220;4.14.2&#8243; _module_preset=&#8220;default&#8220; header_font_size=&#8220;50px&#8220; header_2_font_size=&#8220;28px&#8220; custom_padding=&#8220;||40px||false|false&#8220; header_font_size_tablet=&#8220;40px&#8220; header_font_size_phone=&#8220;40px&#8220; header_font_size_last_edited=&#8220;on|phone&#8220; global_colors_info=&#8220;{}&#8220;]<\/p>\n<h1>Reservierung<\/h1>\n<p>Um eine Buchung bei Bangkok By Bike vorzunehmen, f\u00fcllen Sie bitte unser Buchungsformular unten mit Ihren bevorzugten und optionalen Pr\u00e4ferenzen aus.<\/p>\n<p>Felder mit einem Sternchen * sind erforderlich.<\/p>\n<p>Yahoo-Mail funktioniert nicht<\/p>\n<p>Wir werden Ihre Buchung innerhalb von 24 Stunden r\u00fcckbest\u00e4tigen.<\/p>\n<p><strong>Sollten Sie vor Ihrer gew\u00fcnschten Tour weniger Zeit haben, rufen Sie uns bitte stattdessen an!<\/strong><\/p>\n<p>[\/et_pb_text][\/et_pb_column][et_pb_column type=&#8220;2_3&#8243; _builder_version=&#8220;4.14.0&#8243; _module_preset=&#8220;default&#8220; global_colors_info=&#8220;{}&#8220;][et_pb_text _builder_version=&#8220;4.14.4&#8243; _module_preset=&#8220;default&#8220; hover_enabled=&#8220;0&#8243; sticky_enabled=&#8220;0&#8243;]<div class=\"wpforms-container wpforms-container-full\" id=\"wpforms-1625\"><form id=\"wpforms-form-1625\" class=\"wpforms-validate wpforms-form wpforms-ajax-form\" data-formid=\"1625\" method=\"post\" enctype=\"multipart\/form-data\" action=\"\/de\/wp-json\/wp\/v2\/pages\/824\" data-token=\"a3f4e08ffb6f5c808386efa7785d88d0\" data-token-time=\"1775259769\"><noscript class=\"wpforms-error-noscript\">Bitte aktiviere JavaScript in deinem Browser, um dieses Formular fertigzustellen.<\/noscript><div class=\"wpforms-field-container\"><div id=\"wpforms-1625-field_1-container\" class=\"wpforms-field wpforms-field-text walwpf-datepicker\" data-field-id=\"1\"><label class=\"wpforms-field-label\" for=\"wpforms-1625-field_1\">Bevorzugtes Datum <span class=\"wpforms-required-label\">*<\/span><\/label><input type=\"text\" id=\"wpforms-1625-field_1\" class=\"wpforms-field-large wpforms-field-required\" name=\"wpforms[fields][1]\" required><\/div><div id=\"wpforms-1625-field_2-container\" class=\"wpforms-field wpforms-field-select wpforms-field-select-style-modern\" data-field-id=\"2\"><label class=\"wpforms-field-label\" for=\"wpforms-1625-field_2\">Tour <span class=\"wpforms-required-label\">*<\/span><\/label><select id=\"wpforms-1625-field_2\" class=\"wpforms-field-large wpforms-field-required choicesjs-select\" data-size-class=\"wpforms-field-row wpforms-field-large\" data-search-enabled=\"\" name=\"wpforms[fields][2]\" required=\"required\"><option value=\"\" class=\"placeholder\" disabled  selected='selected'><\/option><option value=\"Vormittagsfahrt\"  class=\"choice-1 depth-1\"  >Vormittagsfahrt<\/option><option value=\"Nachmittagsfahrt\"  class=\"choice-4 depth-1\"  >Nachmittagsfahrt<\/option><option value=\"Bangkok by night\"  class=\"choice-2 depth-1\"  >Bangkok by night<\/option><option value=\"Walking trip\"  class=\"choice-3 depth-1\"  >Walking trip<\/option><\/select><\/div><div id=\"wpforms-1625-field_3-container\" class=\"wpforms-field wpforms-field-text walwpf-datepicker\" data-field-id=\"3\"><label class=\"wpforms-field-label\" for=\"wpforms-1625-field_3\">Optionales Datum<\/label><input type=\"text\" id=\"wpforms-1625-field_3\" class=\"wpforms-field-large\" name=\"wpforms[fields][3]\" ><\/div><div id=\"wpforms-1625-field_13-container\" class=\"wpforms-field wpforms-field-select wpforms-field-select-style-modern\" data-field-id=\"13\"><label class=\"wpforms-field-label\" for=\"wpforms-1625-field_13\">Optionale Tour<\/label><select id=\"wpforms-1625-field_13\" class=\"wpforms-field-large choicesjs-select\" data-size-class=\"wpforms-field-row wpforms-field-large\" data-search-enabled=\"\" name=\"wpforms[fields][13]\"><option value=\"\" class=\"placeholder\" disabled  selected='selected'><\/option><option value=\"Vormittagsfahrt\"  class=\"choice-1 depth-1\"  >Vormittagsfahrt<\/option><option value=\"Nachmittagsfahrt\"  class=\"choice-4 depth-1\"  >Nachmittagsfahrt<\/option><option value=\"Bangkok by night\"  class=\"choice-2 depth-1\"  >Bangkok by night<\/option><option value=\"Walking trip\"  class=\"choice-3 depth-1\"  >Walking trip<\/option><\/select><\/div><div id=\"wpforms-1625-field_5-container\" class=\"wpforms-field wpforms-field-number wpforms-one-third wpforms-first\" data-field-id=\"5\"><label class=\"wpforms-field-label\" for=\"wpforms-1625-field_5\">Anzahl der Erwachsenen<\/label><input type=\"number\" id=\"wpforms-1625-field_5\" class=\"wpforms-field-large\" name=\"wpforms[fields][5]\" step=\"any\" ><\/div><div id=\"wpforms-1625-field_6-container\" class=\"wpforms-field wpforms-field-number wpforms-one-third\" data-field-id=\"6\"><label class=\"wpforms-field-label\" for=\"wpforms-1625-field_6\">Kinder 6-10 Jahre<\/label><input type=\"number\" id=\"wpforms-1625-field_6\" class=\"wpforms-field-large\" name=\"wpforms[fields][6]\" step=\"any\" ><\/div><div id=\"wpforms-1625-field_7-container\" class=\"wpforms-field wpforms-field-number wpforms-one-third\" data-field-id=\"7\"><label class=\"wpforms-field-label\" for=\"wpforms-1625-field_7\">Kinder 0-5 Jahre<\/label><input type=\"number\" id=\"wpforms-1625-field_7\" class=\"wpforms-field-large\" name=\"wpforms[fields][7]\" step=\"any\" ><\/div><div id=\"wpforms-1625-field_8-container\" class=\"wpforms-field wpforms-field-text wpforms-one-third wpforms-first\" data-field-id=\"8\"><label class=\"wpforms-field-label\" for=\"wpforms-1625-field_8\">Ihr vollst\u00e4ndiger Name <span class=\"wpforms-required-label\">*<\/span><\/label><input type=\"text\" id=\"wpforms-1625-field_8\" class=\"wpforms-field-large wpforms-field-required\" name=\"wpforms[fields][8]\" required><\/div><div id=\"wpforms-1625-field_9-container\" class=\"wpforms-field wpforms-field-email wpforms-one-third\" data-field-id=\"9\"><label class=\"wpforms-field-label\" for=\"wpforms-1625-field_9\">Ihre E-Mailadresse <span class=\"wpforms-required-label\">*<\/span><\/label><input type=\"email\" id=\"wpforms-1625-field_9\" class=\"wpforms-field-large wpforms-field-required\" name=\"wpforms[fields][9]\" spellcheck=\"false\" required><\/div><div id=\"wpforms-1625-field_10-container\" class=\"wpforms-field wpforms-field-text wpforms-one-third\" data-field-id=\"10\"><label class=\"wpforms-field-label\" for=\"wpforms-1625-field_10\">WhatsApp-Nummer<\/label><input type=\"text\" id=\"wpforms-1625-field_10\" class=\"wpforms-field-large\" name=\"wpforms[fields][10]\" ><\/div><div id=\"wpforms-1625-field_12-container\" class=\"wpforms-field wpforms-field-textarea\" data-field-id=\"12\"><label class=\"wpforms-field-label\" for=\"wpforms-1625-field_12\">Zus\u00e4tzliche Kommentare<\/label><textarea id=\"wpforms-1625-field_12\" class=\"wpforms-field-medium\" name=\"wpforms[fields][12]\" ><\/textarea><\/div><\/div><!-- .wpforms-field-container --><div class=\"wpforms-submit-container\" ><input type=\"hidden\" name=\"wpforms[id]\" value=\"1625\"><input type=\"hidden\" name=\"page_title\" value=\"\"><input type=\"hidden\" name=\"page_url\" value=\"https:\/\/bangkokbybike.com\/de\/wp-json\/wp\/v2\/pages\/824\"><input type=\"hidden\" name=\"url_referer\" value=\"\"><button type=\"submit\" name=\"wpforms[submit]\" id=\"wpforms-submit-1625\" class=\"wpforms-submit\" data-alt-text=\"Senden...\" data-submit-text=\"Reservierung\" aria-live=\"assertive\" value=\"wpforms-submit\">Reservierung<\/button><img loading=\"lazy\" decoding=\"async\" src=\"https:\/\/bangkokbybike.com\/wp-content\/plugins\/wpforms-lite\/assets\/images\/submit-spin.svg\" class=\"wpforms-submit-spinner\" style=\"display: none;\" width=\"26\" height=\"26\" alt=\"Wird geladen\"><\/div><\/form><\/div>  <!-- .wpforms-container -->[\/et_pb_text][\/et_pb_column][\/et_pb_row][\/et_pb_section]<\/p>\n","protected":false},"excerpt":{"rendered":"<p>Gef\u00fchrte Fahrradtouren in Bangkok. Erleben und erfahren Sie mehr \u00fcber die Lebensweise und Kultur. Erhalten Sie sch\u00f6ne Erinnerungen f\u00fcr die Zukunft.<\/p>\n","protected":false},"author":1,"featured_media":1516,"parent":0,"menu_order":0,"comment_status":"closed","ping_status":"closed","template":"","meta":{"_et_pb_use_builder":"on","_et_pb_old_content":"","_et_gb_content_width":"","footnotes":""},"class_list":["post-824","page","type-page","status-publish","has-post-thumbnail","hentry"],"yoast_head":"<!-- This site is optimized with the Yoast SEO plugin v27.3 - https:\/\/yoast.com\/product\/yoast-seo-wordpress\/ -->\n<title>Reservierung - Bangkok By Bike<\/title>\n<meta name=\"description\" content=\"Gef\u00fchrte Fahrradtouren in Bangkok. Erleben und erfahren Sie mehr \u00fcber die Lebensweise und Kultur. Erhalten Sie sch\u00f6ne Erinnerungen f\u00fcr die Zukunft.\" \/>\n<meta name=\"robots\" content=\"index, follow, max-snippet:-1, max-image-preview:large, max-video-preview:-1\" \/>\n<link rel=\"canonical\" href=\"https:\/\/bangkokbybike.com\/de\/booking\/\" \/>\n<meta property=\"og:locale\" content=\"de_DE\" \/>\n<meta property=\"og:type\" content=\"article\" \/>\n<meta property=\"og:title\" content=\"Reservierung - Bangkok By Bike\" \/>\n<meta property=\"og:description\" content=\"Gef\u00fchrte Fahrradtouren in Bangkok. Erleben und erfahren Sie mehr \u00fcber die Lebensweise und Kultur. Erhalten Sie sch\u00f6ne Erinnerungen f\u00fcr die Zukunft.\" \/>\n<meta property=\"og:url\" content=\"https:\/\/bangkokbybike.com\/de\/booking\/\" \/>\n<meta property=\"og:site_name\" content=\"Bangkok By Bike\" \/>\n<meta property=\"article:publisher\" content=\"https:\/\/www.facebook.com\/bangkokbybike\" \/>\n<meta property=\"article:modified_time\" content=\"2021-12-21T02:55:25+00:00\" \/>\n<meta property=\"og:image\" content=\"https:\/\/bangkokbybike.com\/wp-content\/uploads\/2021\/12\/metabild.jpg\" \/>\n\t<meta property=\"og:image:width\" content=\"1201\" \/>\n\t<meta property=\"og:image:height\" content=\"630\" \/>\n\t<meta property=\"og:image:type\" content=\"image\/jpeg\" \/>\n<meta name=\"twitter:card\" content=\"summary_large_image\" \/>\n<meta name=\"twitter:label1\" content=\"Gesch\u00e4tzte Lesezeit\" \/>\n\t<meta name=\"twitter:data1\" content=\"2\u00a0Minuten\" \/>\n<script type=\"application\/ld+json\" class=\"yoast-schema-graph\">{\"@context\":\"https:\\\/\\\/schema.org\",\"@graph\":[{\"@type\":\"WebPage\",\"@id\":\"https:\\\/\\\/bangkokbybike.com\\\/de\\\/booking\\\/\",\"url\":\"https:\\\/\\\/bangkokbybike.com\\\/de\\\/booking\\\/\",\"name\":\"Reservierung - Bangkok By Bike\",\"isPartOf\":{\"@id\":\"https:\\\/\\\/bangkokbybike.com\\\/de\\\/#website\"},\"primaryImageOfPage\":{\"@id\":\"https:\\\/\\\/bangkokbybike.com\\\/de\\\/booking\\\/#primaryimage\"},\"image\":{\"@id\":\"https:\\\/\\\/bangkokbybike.com\\\/de\\\/booking\\\/#primaryimage\"},\"thumbnailUrl\":\"https:\\\/\\\/bangkokbybike.com\\\/wp-content\\\/uploads\\\/2021\\\/12\\\/metabild.jpg\",\"datePublished\":\"2021-12-01T06:28:20+00:00\",\"dateModified\":\"2021-12-21T02:55:25+00:00\",\"description\":\"Gef\u00fchrte Fahrradtouren in Bangkok. Erleben und erfahren Sie mehr \u00fcber die Lebensweise und Kultur. Erhalten Sie sch\u00f6ne Erinnerungen f\u00fcr die Zukunft.\",\"breadcrumb\":{\"@id\":\"https:\\\/\\\/bangkokbybike.com\\\/de\\\/booking\\\/#breadcrumb\"},\"inLanguage\":\"de\",\"potentialAction\":[{\"@type\":\"ReadAction\",\"target\":[\"https:\\\/\\\/bangkokbybike.com\\\/de\\\/booking\\\/\"]}]},{\"@type\":\"ImageObject\",\"inLanguage\":\"de\",\"@id\":\"https:\\\/\\\/bangkokbybike.com\\\/de\\\/booking\\\/#primaryimage\",\"url\":\"https:\\\/\\\/bangkokbybike.com\\\/wp-content\\\/uploads\\\/2021\\\/12\\\/metabild.jpg\",\"contentUrl\":\"https:\\\/\\\/bangkokbybike.com\\\/wp-content\\\/uploads\\\/2021\\\/12\\\/metabild.jpg\",\"width\":1201,\"height\":630},{\"@type\":\"BreadcrumbList\",\"@id\":\"https:\\\/\\\/bangkokbybike.com\\\/de\\\/booking\\\/#breadcrumb\",\"itemListElement\":[{\"@type\":\"ListItem\",\"position\":1,\"name\":\"Home\",\"item\":\"https:\\\/\\\/bangkokbybike.com\\\/de\\\/\"},{\"@type\":\"ListItem\",\"position\":2,\"name\":\"Reservierung\"}]},{\"@type\":\"WebSite\",\"@id\":\"https:\\\/\\\/bangkokbybike.com\\\/de\\\/#website\",\"url\":\"https:\\\/\\\/bangkokbybike.com\\\/de\\\/\",\"name\":\"Bangkok By Bike\",\"description\":\"Guided Biking Tours in Bangkok\",\"publisher\":{\"@id\":\"https:\\\/\\\/bangkokbybike.com\\\/de\\\/#organization\"},\"potentialAction\":[{\"@type\":\"SearchAction\",\"target\":{\"@type\":\"EntryPoint\",\"urlTemplate\":\"https:\\\/\\\/bangkokbybike.com\\\/de\\\/?s={search_term_string}\"},\"query-input\":{\"@type\":\"PropertyValueSpecification\",\"valueRequired\":true,\"valueName\":\"search_term_string\"}}],\"inLanguage\":\"de\"},{\"@type\":\"Organization\",\"@id\":\"https:\\\/\\\/bangkokbybike.com\\\/de\\\/#organization\",\"name\":\"Bangkok By Bike\",\"url\":\"https:\\\/\\\/bangkokbybike.com\\\/de\\\/\",\"logo\":{\"@type\":\"ImageObject\",\"inLanguage\":\"de\",\"@id\":\"https:\\\/\\\/bangkokbybike.com\\\/de\\\/#\\\/schema\\\/logo\\\/image\\\/\",\"url\":\"https:\\\/\\\/bangkokbybike.com\\\/wp-content\\\/uploads\\\/2021\\\/12\\\/logo-black.png\",\"contentUrl\":\"https:\\\/\\\/bangkokbybike.com\\\/wp-content\\\/uploads\\\/2021\\\/12\\\/logo-black.png\",\"width\":572,\"height\":84,\"caption\":\"Bangkok By Bike\"},\"image\":{\"@id\":\"https:\\\/\\\/bangkokbybike.com\\\/de\\\/#\\\/schema\\\/logo\\\/image\\\/\"},\"sameAs\":[\"https:\\\/\\\/www.facebook.com\\\/bangkokbybike\"]}]}<\/script>\n<!-- \/ Yoast SEO plugin. -->","yoast_head_json":{"title":"Reservierung - Bangkok By Bike","description":"Gef\u00fchrte Fahrradtouren in Bangkok. Erleben und erfahren Sie mehr \u00fcber die Lebensweise und Kultur. Erhalten Sie sch\u00f6ne Erinnerungen f\u00fcr die Zukunft.","robots":{"index":"index","follow":"follow","max-snippet":"max-snippet:-1","max-image-preview":"max-image-preview:large","max-video-preview":"max-video-preview:-1"},"canonical":"https:\/\/bangkokbybike.com\/de\/booking\/","og_locale":"de_DE","og_type":"article","og_title":"Reservierung - Bangkok By Bike","og_description":"Gef\u00fchrte Fahrradtouren in Bangkok. Erleben und erfahren Sie mehr \u00fcber die Lebensweise und Kultur. Erhalten Sie sch\u00f6ne Erinnerungen f\u00fcr die Zukunft.","og_url":"https:\/\/bangkokbybike.com\/de\/booking\/","og_site_name":"Bangkok By Bike","article_publisher":"https:\/\/www.facebook.com\/bangkokbybike","article_modified_time":"2021-12-21T02:55:25+00:00","og_image":[{"width":1201,"height":630,"url":"https:\/\/bangkokbybike.com\/wp-content\/uploads\/2021\/12\/metabild.jpg","type":"image\/jpeg"}],"twitter_card":"summary_large_image","twitter_misc":{"Gesch\u00e4tzte Lesezeit":"2\u00a0Minuten"},"schema":{"@context":"https:\/\/schema.org","@graph":[{"@type":"WebPage","@id":"https:\/\/bangkokbybike.com\/de\/booking\/","url":"https:\/\/bangkokbybike.com\/de\/booking\/","name":"Reservierung - Bangkok By Bike","isPartOf":{"@id":"https:\/\/bangkokbybike.com\/de\/#website"},"primaryImageOfPage":{"@id":"https:\/\/bangkokbybike.com\/de\/booking\/#primaryimage"},"image":{"@id":"https:\/\/bangkokbybike.com\/de\/booking\/#primaryimage"},"thumbnailUrl":"https:\/\/bangkokbybike.com\/wp-content\/uploads\/2021\/12\/metabild.jpg","datePublished":"2021-12-01T06:28:20+00:00","dateModified":"2021-12-21T02:55:25+00:00","description":"Gef\u00fchrte Fahrradtouren in Bangkok. Erleben und erfahren Sie mehr \u00fcber die Lebensweise und Kultur. Erhalten Sie sch\u00f6ne Erinnerungen f\u00fcr die Zukunft.","breadcrumb":{"@id":"https:\/\/bangkokbybike.com\/de\/booking\/#breadcrumb"},"inLanguage":"de","potentialAction":[{"@type":"ReadAction","target":["https:\/\/bangkokbybike.com\/de\/booking\/"]}]},{"@type":"ImageObject","inLanguage":"de","@id":"https:\/\/bangkokbybike.com\/de\/booking\/#primaryimage","url":"https:\/\/bangkokbybike.com\/wp-content\/uploads\/2021\/12\/metabild.jpg","contentUrl":"https:\/\/bangkokbybike.com\/wp-content\/uploads\/2021\/12\/metabild.jpg","width":1201,"height":630},{"@type":"BreadcrumbList","@id":"https:\/\/bangkokbybike.com\/de\/booking\/#breadcrumb","itemListElement":[{"@type":"ListItem","position":1,"name":"Home","item":"https:\/\/bangkokbybike.com\/de\/"},{"@type":"ListItem","position":2,"name":"Reservierung"}]},{"@type":"WebSite","@id":"https:\/\/bangkokbybike.com\/de\/#website","url":"https:\/\/bangkokbybike.com\/de\/","name":"Bangkok By Bike","description":"Guided Biking Tours in Bangkok","publisher":{"@id":"https:\/\/bangkokbybike.com\/de\/#organization"},"potentialAction":[{"@type":"SearchAction","target":{"@type":"EntryPoint","urlTemplate":"https:\/\/bangkokbybike.com\/de\/?s={search_term_string}"},"query-input":{"@type":"PropertyValueSpecification","valueRequired":true,"valueName":"search_term_string"}}],"inLanguage":"de"},{"@type":"Organization","@id":"https:\/\/bangkokbybike.com\/de\/#organization","name":"Bangkok By Bike","url":"https:\/\/bangkokbybike.com\/de\/","logo":{"@type":"ImageObject","inLanguage":"de","@id":"https:\/\/bangkokbybike.com\/de\/#\/schema\/logo\/image\/","url":"https:\/\/bangkokbybike.com\/wp-content\/uploads\/2021\/12\/logo-black.png","contentUrl":"https:\/\/bangkokbybike.com\/wp-content\/uploads\/2021\/12\/logo-black.png","width":572,"height":84,"caption":"Bangkok By Bike"},"image":{"@id":"https:\/\/bangkokbybike.com\/de\/#\/schema\/logo\/image\/"},"sameAs":["https:\/\/www.facebook.com\/bangkokbybike"]}]}},"_links":{"self":[{"href":"https:\/\/bangkokbybike.com\/de\/wp-json\/wp\/v2\/pages\/824","targetHints":{"allow":["GET"]}}],"collection":[{"href":"https:\/\/bangkokbybike.com\/de\/wp-json\/wp\/v2\/pages"}],"about":[{"href":"https:\/\/bangkokbybike.com\/de\/wp-json\/wp\/v2\/types\/page"}],"author":[{"embeddable":true,"href":"https:\/\/bangkokbybike.com\/de\/wp-json\/wp\/v2\/users\/1"}],"replies":[{"embeddable":true,"href":"https:\/\/bangkokbybike.com\/de\/wp-json\/wp\/v2\/comments?post=824"}],"version-history":[{"count":0,"href":"https:\/\/bangkokbybike.com\/de\/wp-json\/wp\/v2\/pages\/824\/revisions"}],"wp:featuredmedia":[{"embeddable":true,"href":"https:\/\/bangkokbybike.com\/de\/wp-json\/wp\/v2\/media\/1516"}],"wp:attachment":[{"href":"https:\/\/bangkokbybike.com\/de\/wp-json\/wp\/v2\/media?parent=824"}],"curies":[{"name":"wp","href":"https:\/\/api.w.org\/{rel}","templated":true}]}}